{"id":1829,"date":"2024-05-01T00:16:47","date_gmt":"2024-04-30T22:16:47","guid":{"rendered":"https:\/\/socabu-assurances.com\/socabu\/?page_id=1829"},"modified":"2024-05-27T10:24:31","modified_gmt":"2024-05-27T08:24:31","slug":"la-societe","status":"publish","type":"page","link":"https:\/\/socabu-assurances.com\/socabu\/la-societe\/","title":{"rendered":"La soci\u00e9t\u00e9"},"content":{"rendered":"\t\t<div data-elementor-type=\"wp-page\" data-elementor-id=\"1829\" class=\"elementor elementor-1829\" data-elementor-post-type=\"page\">\n\t\t\t\t<div class=\"elementor-element elementor-element-70284a9 e-flex e-con-boxed e-con e-parent\" data-id=\"70284a9\" data-element_type=\"container\" data-e-type=\"container\" data-settings=\"{&quot;background_background&quot;:&quot;classic&quot;}\">\n\t\t\t\t\t<div class=\"e-con-inner\">\n\t\t\t\t<div class=\"elementor-element elementor-element-36fd414 elementor-widget elementor-widget-heading\" data-id=\"36fd414\" data-element_type=\"widget\" data-e-type=\"widget\" data-widget_type=\"heading.default\">\n\t\t\t\t<div class=\"elementor-widget-container\">\n\t\t\t\t\t<h2 class=\"elementor-heading-title elementor-size-default\">LA SOCIETE<\/h2>\t\t\t\t<\/div>\n\t\t\t\t<\/div>\n\t\t\t\t\t<\/div>\n\t\t\t\t<\/div>\n\t\t<div class=\"elementor-element elementor-element-eb42f0e e-flex e-con-boxed e-con e-parent\" data-id=\"eb42f0e\" data-element_type=\"container\" data-e-type=\"container\">\n\t\t\t\t\t<div class=\"e-con-inner\">\n\t\t\t\t<div class=\"elementor-element elementor-element-eb75153 elementor-widget elementor-widget-spacer\" data-id=\"eb75153\" data-element_type=\"widget\" data-e-type=\"widget\" data-widget_type=\"spacer.default\">\n\t\t\t\t<div class=\"elementor-widget-container\">\n\t\t\t\t\t\t\t<div class=\"elementor-spacer\">\n\t\t\t<div class=\"elementor-spacer-inner\"><\/div>\n\t\t<\/div>\n\t\t\t\t\t\t<\/div>\n\t\t\t\t<\/div>\n\t\t\t\t\t<\/div>\n\t\t\t\t<\/div>\n\t\t<div class=\"elementor-element elementor-element-e7426b0 e-flex e-con-boxed e-con e-parent\" data-id=\"e7426b0\" data-element_type=\"container\" data-e-type=\"container\">\n\t\t\t\t\t<div class=\"e-con-inner\">\n\t\t\t\t<div class=\"elementor-element elementor-element-f4877cc elementor-widget elementor-widget-heading\" data-id=\"f4877cc\" data-element_type=\"widget\" data-e-type=\"widget\" data-widget_type=\"heading.default\">\n\t\t\t\t<div class=\"elementor-widget-container\">\n\t\t\t\t\t<h2 class=\"elementor-heading-title elementor-size-default\">La Socabu assurances en quelques chiffres<\/h2>\t\t\t\t<\/div>\n\t\t\t\t<\/div>\n\t\t\t\t\t<\/div>\n\t\t\t\t<\/div>\n\t\t<div class=\"elementor-element elementor-element-85e02d0 e-flex e-con-boxed e-con e-parent\" data-id=\"85e02d0\" data-element_type=\"container\" data-e-type=\"container\">\n\t\t\t\t\t<div class=\"e-con-inner\">\n\t\t<div class=\"elementor-element elementor-element-35dbe6b e-con-full e-flex e-con e-child\" data-id=\"35dbe6b\" data-element_type=\"container\" data-e-type=\"container\">\n\t\t\t\t<div class=\"elementor-element elementor-element-ef35876 elementor-position-inline-start elementor-view-default elementor-mobile-position-block-start elementor-widget elementor-widget-icon-box\" data-id=\"ef35876\" data-element_type=\"widget\" data-e-type=\"widget\" data-widget_type=\"icon-box.default\">\n\t\t\t\t<div class=\"elementor-widget-container\">\n\t\t\t\t\t\t\t<div class=\"elementor-icon-box-wrapper\">\n\n\t\t\t\t\t\t<div class=\"elementor-icon-box-icon\">\n\t\t\t\t<span  class=\"elementor-icon\">\n\t\t\t\t<svg aria-hidden=\"true\" class=\"e-font-icon-svg e-fas-building\" viewBox=\"0 0 448 512\" xmlns=\"http:\/\/www.w3.org\/2000\/svg\"><path d=\"M436 480h-20V24c0-13.255-10.745-24-24-24H56C42.745 0 32 10.745 32 24v456H12c-6.627 0-12 5.373-12 12v20h448v-20c0-6.627-5.373-12-12-12zM128 76c0-6.627 5.373-12 12-12h40c6.627 0 12 5.373 12 12v40c0 6.627-5.373 12-12 12h-40c-6.627 0-12-5.373-12-12V76zm0 96c0-6.627 5.373-12 12-12h40c6.627 0 12 5.373 12 12v40c0 6.627-5.373 12-12 12h-40c-6.627 0-12-5.373-12-12v-40zm52 148h-40c-6.627 0-12-5.373-12-12v-40c0-6.627 5.373-12 12-12h40c6.627 0 12 5.373 12 12v40c0 6.627-5.373 12-12 12zm76 160h-64v-84c0-6.627 5.373-12 12-12h40c6.627 0 12 5.373 12 12v84zm64-172c0 6.627-5.373 12-12 12h-40c-6.627 0-12-5.373-12-12v-40c0-6.627 5.373-12 12-12h40c6.627 0 12 5.373 12 12v40zm0-96c0 6.627-5.373 12-12 12h-40c-6.627 0-12-5.373-12-12v-40c0-6.627 5.373-12 12-12h40c6.627 0 12 5.373 12 12v40zm0-96c0 6.627-5.373 12-12 12h-40c-6.627 0-12-5.373-12-12V76c0-6.627 5.373-12 12-12h40c6.627 0 12 5.373 12 12v40z\"><\/path><\/svg>\t\t\t\t<\/span>\n\t\t\t<\/div>\n\t\t\t\n\t\t\t\t\t\t<div class=\"elementor-icon-box-content\">\n\n\t\t\t\t\t\t\t\t\t<h3 class=\"elementor-icon-box-title\">\n\t\t\t\t\t\t<span  >\n\t\t\t\t\t\t\t47 ann\u00e9es d'exp\u00e9riences\t\t\t\t\t\t<\/span>\n\t\t\t\t\t<\/h3>\n\t\t\t\t\n\t\t\t\t\n\t\t\t<\/div>\n\t\t\t\n\t\t<\/div>\n\t\t\t\t\t\t<\/div>\n\t\t\t\t<\/div>\n\t\t\t\t<div class=\"elementor-element elementor-element-aac9e2d elementor-position-inline-start elementor-view-default elementor-mobile-position-block-start elementor-widget elementor-widget-icon-box\" data-id=\"aac9e2d\" data-element_type=\"widget\" data-e-type=\"widget\" data-widget_type=\"icon-box.default\">\n\t\t\t\t<div class=\"elementor-widget-container\">\n\t\t\t\t\t\t\t<div class=\"elementor-icon-box-wrapper\">\n\n\t\t\t\t\t\t<div class=\"elementor-icon-box-icon\">\n\t\t\t\t<span  class=\"elementor-icon\">\n\t\t\t\t<svg aria-hidden=\"true\" class=\"e-font-icon-svg e-fas-briefcase\" viewBox=\"0 0 512 512\" xmlns=\"http:\/\/www.w3.org\/2000\/svg\"><path d=\"M320 336c0 8.84-7.16 16-16 16h-96c-8.84 0-16-7.16-16-16v-48H0v144c0 25.6 22.4 48 48 48h416c25.6 0 48-22.4 48-48V288H320v48zm144-208h-80V80c0-25.6-22.4-48-48-48H176c-25.6 0-48 22.4-48 48v48H48c-25.6 0-48 22.4-48 48v80h512v-80c0-25.6-22.4-48-48-48zm-144 0H192V96h128v32z\"><\/path><\/svg>\t\t\t\t<\/span>\n\t\t\t<\/div>\n\t\t\t\n\t\t\t\t\t\t<div class=\"elementor-icon-box-content\">\n\n\t\t\t\t\t\t\t\t\t<h3 class=\"elementor-icon-box-title\">\n\t\t\t\t\t\t<span  >\n\t\t\t\t\t\t\t43 Milliards de fonds propres\t\t\t\t\t\t<\/span>\n\t\t\t\t\t<\/h3>\n\t\t\t\t\n\t\t\t\t\n\t\t\t<\/div>\n\t\t\t\n\t\t<\/div>\n\t\t\t\t\t\t<\/div>\n\t\t\t\t<\/div>\n\t\t\t\t<div class=\"elementor-element elementor-element-25da3a2 elementor-position-inline-start elementor-view-default elementor-mobile-position-block-start elementor-widget elementor-widget-icon-box\" data-id=\"25da3a2\" data-element_type=\"widget\" data-e-type=\"widget\" data-widget_type=\"icon-box.default\">\n\t\t\t\t<div class=\"elementor-widget-container\">\n\t\t\t\t\t\t\t<div class=\"elementor-icon-box-wrapper\">\n\n\t\t\t\t\t\t<div class=\"elementor-icon-box-icon\">\n\t\t\t\t<span  class=\"elementor-icon\">\n\t\t\t\t<svg aria-hidden=\"true\" class=\"e-font-icon-svg e-fas-people-carry\" viewBox=\"0 0 640 512\" xmlns=\"http:\/\/www.w3.org\/2000\/svg\"><path d=\"M128 96c26.5 0 48-21.5 48-48S154.5 0 128 0 80 21.5 80 48s21.5 48 48 48zm384 0c26.5 0 48-21.5 48-48S538.5 0 512 0s-48 21.5-48 48 21.5 48 48 48zm125.7 372.1l-44-110-41.1 46.4-2 18.2 27.7 69.2c5 12.5 17 20.1 29.7 20.1 4 0 8-.7 11.9-2.3 16.4-6.6 24.4-25.2 17.8-41.6zm-34.2-209.8L585 178.1c-4.6-20-18.6-36.8-37.5-44.9-18.5-8-39-6.7-56.1 3.3-22.7 13.4-39.7 34.5-48.1 59.4L432 229.8 416 240v-96c0-8.8-7.2-16-16-16H240c-8.8 0-16 7.2-16 16v96l-16.1-10.2-11.3-33.9c-8.3-25-25.4-46-48.1-59.4-17.2-10-37.6-11.3-56.1-3.3-18.9 8.1-32.9 24.9-37.5 44.9l-18.4 80.2c-4.6 20 .7 41.2 14.4 56.7l67.2 75.9 10.1 92.6C130 499.8 143.8 512 160 512c1.2 0 2.3-.1 3.5-.2 17.6-1.9 30.2-17.7 28.3-35.3l-10.1-92.8c-1.5-13-6.9-25.1-15.6-35l-43.3-49 17.6-70.3 6.8 20.4c4.1 12.5 11.9 23.4 24.5 32.6l51.1 32.5c4.6 2.9 12.1 4.6 17.2 5h160c5.1-.4 12.6-2.1 17.2-5l51.1-32.5c12.6-9.2 20.4-20 24.5-32.6l6.8-20.4 17.6 70.3-43.3 49c-8.7 9.9-14.1 22-15.6 35l-10.1 92.8c-1.9 17.6 10.8 33.4 28.3 35.3 1.2.1 2.3.2 3.5.2 16.1 0 30-12.1 31.8-28.5l10.1-92.6 67.2-75.9c13.6-15.5 19-36.7 14.4-56.7zM46.3 358.1l-44 110c-6.6 16.4 1.4 35 17.8 41.6 16.8 6.6 35.1-1.7 41.6-17.8l27.7-69.2-2-18.2-41.1-46.4z\"><\/path><\/svg>\t\t\t\t<\/span>\n\t\t\t<\/div>\n\t\t\t\n\t\t\t\t\t\t<div class=\"elementor-icon-box-content\">\n\n\t\t\t\t\t\t\t\t\t<h3 class=\"elementor-icon-box-title\">\n\t\t\t\t\t\t<span  >\n\t\t\t\t\t\t\t167 Milliards total d'actifs \t\t\t\t\t\t<\/span>\n\t\t\t\t\t<\/h3>\n\t\t\t\t\n\t\t\t\t\n\t\t\t<\/div>\n\t\t\t\n\t\t<\/div>\n\t\t\t\t\t\t<\/div>\n\t\t\t\t<\/div>\n\t\t\t\t<div class=\"elementor-element elementor-element-b2a4a6e elementor-widget__width-initial elementor-cta--skin-classic elementor-animated-content elementor-bg-transform elementor-bg-transform-zoom-in elementor-widget elementor-widget-call-to-action\" data-id=\"b2a4a6e\" data-element_type=\"widget\" data-e-type=\"widget\" data-widget_type=\"call-to-action.default\">\n\t\t\t\t<div class=\"elementor-widget-container\">\n\t\t\t\t\t\t\t<div class=\"elementor-cta\">\n\t\t\t\t\t\t\t<div class=\"elementor-cta__content\">\n\t\t\t\t\n\t\t\t\t\t\t\t\t\t<h2 class=\"elementor-cta__title elementor-cta__content-item elementor-content-item\">\n\t\t\t\t\t\tConsultez notre rapport annuel\t\t\t\t\t<\/h2>\n\t\t\t\t\n\t\t\t\t\n\t\t\t\t\t\t\t\t\t<div class=\"elementor-cta__button-wrapper elementor-cta__content-item elementor-content-item \">\n\t\t\t\t\t<a class=\"elementor-cta__button elementor-button elementor-size-\" href=\"https:\/\/socabu-assurances.com\/socabu\/wp-content\/uploads\/2024\/05\/SITE-WEB-RAPPORT-ANNUEL-DE-LA-SOCABU-EXERCICE-2022-VERSION-FINALE-2.pdf\" target=\"_blank\">\n\t\t\t\t\t\tLe rapport de 2022\t\t\t\t\t<\/a>\n\t\t\t\t\t<\/div>\n\t\t\t\t\t\t\t<\/div>\n\t\t\t\t\t\t<\/div>\n\t\t\t\t\t\t<\/div>\n\t\t\t\t<\/div>\n\t\t\t\t<\/div>\n\t\t<div class=\"elementor-element elementor-element-3111650 e-con-full e-flex e-con e-child\" data-id=\"3111650\" data-element_type=\"container\" data-e-type=\"container\">\n\t\t\t\t<div class=\"elementor-element elementor-element-054c546 elementor-widget elementor-widget-image\" data-id=\"054c546\" data-element_type=\"widget\" data-e-type=\"widget\" data-widget_type=\"image.default\">\n\t\t\t\t<div class=\"elementor-widget-container\">\n\t\t\t\t\t\t\t\t\t\t\t\t\t\t\t<img fetchpriority=\"high\" decoding=\"async\" width=\"1024\" height=\"648\" src=\"https:\/\/socabu-assurances.com\/socabu\/wp-content\/uploads\/2024\/05\/socabu-batiment2-1024x648.jpg\" class=\"attachment-large size-large wp-image-2635\" alt=\"\" srcset=\"https:\/\/socabu-assurances.com\/socabu\/wp-content\/uploads\/2024\/05\/socabu-batiment2-1024x648.jpg 1024w, https:\/\/socabu-assurances.com\/socabu\/wp-content\/uploads\/2024\/05\/socabu-batiment2-300x190.jpg 300w, https:\/\/socabu-assurances.com\/socabu\/wp-content\/uploads\/2024\/05\/socabu-batiment2-768x486.jpg 768w, https:\/\/socabu-assurances.com\/socabu\/wp-content\/uploads\/2024\/05\/socabu-batiment2-1536x972.jpg 1536w, https:\/\/socabu-assurances.com\/socabu\/wp-content\/uploads\/2024\/05\/socabu-batiment2.jpg 2048w\" sizes=\"(max-width: 1024px) 100vw, 1024px\" \/>\t\t\t\t\t\t\t\t\t\t\t\t\t\t\t<\/div>\n\t\t\t\t<\/div>\n\t\t\t\t<\/div>\n\t\t\t\t\t<\/div>\n\t\t\t\t<\/div>\n\t\t<div class=\"elementor-element elementor-element-a3eeea3 e-flex e-con-boxed e-con e-parent\" data-id=\"a3eeea3\" data-element_type=\"container\" data-e-type=\"container\">\n\t\t\t\t\t<div class=\"e-con-inner\">\n\t\t\t\t<div class=\"elementor-element elementor-element-e6501b8 elementor-widget elementor-widget-spacer\" data-id=\"e6501b8\" data-element_type=\"widget\" data-e-type=\"widget\" data-widget_type=\"spacer.default\">\n\t\t\t\t<div class=\"elementor-widget-container\">\n\t\t\t\t\t\t\t<div class=\"elementor-spacer\">\n\t\t\t<div class=\"elementor-spacer-inner\"><\/div>\n\t\t<\/div>\n\t\t\t\t\t\t<\/div>\n\t\t\t\t<\/div>\n\t\t\t\t\t<\/div>\n\t\t\t\t<\/div>\n\t\t\t\t<\/div>\n\t\t","protected":false},"excerpt":{"rendered":"<p>LA SOCIETE La Socabu assurances en quelques chiffres 47 ann\u00e9es d&#8217;exp\u00e9riences 43 Milliards de fonds propres 167 Milliards total d&#8217;actifs Consultez notre rapport annuel Le rapport de 2022<\/p>\n","protected":false},"author":2,"featured_media":0,"parent":0,"menu_order":0,"comment_status":"closed","ping_status":"closed","template":"elementor_header_footer","meta":{"_uag_custom_page_level_css":"","site-sidebar-layout":"no-sidebar","site-content-layout":"page-builder","ast-site-content-layout":"full-width-container","site-content-style":"default","site-sidebar-style":"default","ast-global-header-display":"","ast-banner-title-visibility":"","ast-main-header-display":"","ast-hfb-above-header-display":"","ast-hfb-below-header-display":"","ast-hfb-mobile-header-display":"","site-post-title":"disabled","ast-breadcrumbs-content":"","ast-featured-img":"disabled","footer-sml-layout":"","ast-disable-related-posts":"","theme-transparent-header-meta":"","adv-header-id-meta":"","stick-header-meta":"","header-above-stick-meta":"","header-main-stick-meta":"","header-below-stick-meta":"","astra-migrate-meta-layouts":"set","ast-page-background-enabled":"default","ast-page-background-meta":{"desktop":{"background-color":"var(--ast-global-color-4)","background-image":"","background-repeat":"repeat","background-position":"center center","background-size":"auto","background-attachment":"scroll","background-type":"","background-media":"","overlay-type":"","overlay-color":"","overlay-opacity":"","overlay-gradient":""},"tablet":{"background-color":"","background-image":"","background-repeat":"repeat","background-position":"center center","background-size":"auto","background-attachment":"scroll","background-type":"","background-media":"","overlay-type":"","overlay-color":"","overlay-opacity":"","overlay-gradient":""},"mobile":{"background-color":"","background-image":"","background-repeat":"repeat","background-position":"center center","background-size":"auto","background-attachment":"scroll","background-type":"","background-media":"","overlay-type":"","overlay-color":"","overlay-opacity":"","overlay-gradient":""}},"ast-content-background-meta":{"desktop":{"background-color":"var(--ast-global-color-5)","background-image":"","background-repeat":"repeat","background-position":"center center","background-size":"auto","background-attachment":"scroll","background-type":"","background-media":"","overlay-type":"","overlay-color":"","overlay-opacity":"","overlay-gradient":""},"tablet":{"background-color":"var(--ast-global-color-5)","background-image":"","background-repeat":"repeat","background-position":"center center","background-size":"auto","background-attachment":"scroll","background-type":"","background-media":"","overlay-type":"","overlay-color":"","overlay-opacity":"","overlay-gradient":""},"mobile":{"background-color":"var(--ast-global-color-5)","background-image":"","background-repeat":"repeat","background-position":"center center","background-size":"auto","background-attachment":"scroll","background-type":"","background-media":"","overlay-type":"","overlay-color":"","overlay-opacity":"","overlay-gradient":""}},"footnotes":""},"class_list":["post-1829","page","type-page","status-publish","hentry"],"yoast_head":"<!-- This site is optimized with the Yoast SEO plugin v27.0 - https:\/\/yoast.com\/product\/yoast-seo-wordpress\/ -->\n<title>La soci\u00e9t\u00e9 - socabu<\/title>\n<meta name=\"robots\" content=\"index, follow, max-snippet:-1, max-image-preview:large, max-video-preview:-1\" \/>\n<link rel=\"canonical\" href=\"https:\/\/socabu-assurances.com\/socabu\/la-societe\/\" \/>\n<meta property=\"og:locale\" content=\"en_US\" \/>\n<meta property=\"og:type\" content=\"article\" \/>\n<meta property=\"og:title\" content=\"La soci\u00e9t\u00e9 - socabu\" \/>\n<meta property=\"og:description\" content=\"LA SOCIETE La Socabu assurances en quelques chiffres 47 ann\u00e9es d&#8217;exp\u00e9riences 43 Milliards de fonds propres 167 Milliards total d&#8217;actifs Consultez notre rapport annuel Le rapport de 2022\" \/>\n<meta property=\"og:url\" content=\"https:\/\/socabu-assurances.com\/socabu\/la-societe\/\" \/>\n<meta property=\"og:site_name\" content=\"socabu\" \/>\n<meta property=\"article:modified_time\" content=\"2024-05-27T08:24:31+00:00\" \/>\n<meta property=\"og:image\" content=\"https:\/\/socabu-assurances.com\/socabu\/wp-content\/uploads\/2024\/05\/socabu-batiment2-1024x648.jpg\" \/>\n<meta name=\"twitter:card\" content=\"summary_large_image\" \/>\n<meta name=\"twitter:label1\" content=\"Est. reading time\" \/>\n\t<meta name=\"twitter:data1\" content=\"1 minute\" \/>\n<script type=\"application\/ld+json\" class=\"yoast-schema-graph\">{\"@context\":\"https:\/\/schema.org\",\"@graph\":[{\"@type\":\"WebPage\",\"@id\":\"https:\/\/socabu-assurances.com\/socabu\/la-societe\/\",\"url\":\"https:\/\/socabu-assurances.com\/socabu\/la-societe\/\",\"name\":\"La soci\u00e9t\u00e9 - socabu\",\"isPartOf\":{\"@id\":\"https:\/\/socabu-assurances.com\/socabu\/#website\"},\"primaryImageOfPage\":{\"@id\":\"https:\/\/socabu-assurances.com\/socabu\/la-societe\/#primaryimage\"},\"image\":{\"@id\":\"https:\/\/socabu-assurances.com\/socabu\/la-societe\/#primaryimage\"},\"thumbnailUrl\":\"https:\/\/socabu-assurances.com\/socabu\/wp-content\/uploads\/2024\/05\/socabu-batiment2-1024x648.jpg\",\"datePublished\":\"2024-04-30T22:16:47+00:00\",\"dateModified\":\"2024-05-27T08:24:31+00:00\",\"breadcrumb\":{\"@id\":\"https:\/\/socabu-assurances.com\/socabu\/la-societe\/#breadcrumb\"},\"inLanguage\":\"en-US\",\"potentialAction\":[{\"@type\":\"ReadAction\",\"target\":[\"https:\/\/socabu-assurances.com\/socabu\/la-societe\/\"]}]},{\"@type\":\"ImageObject\",\"inLanguage\":\"en-US\",\"@id\":\"https:\/\/socabu-assurances.com\/socabu\/la-societe\/#primaryimage\",\"url\":\"https:\/\/socabu-assurances.com\/socabu\/wp-content\/uploads\/2024\/05\/socabu-batiment2.jpg\",\"contentUrl\":\"https:\/\/socabu-assurances.com\/socabu\/wp-content\/uploads\/2024\/05\/socabu-batiment2.jpg\",\"width\":2048,\"height\":1296},{\"@type\":\"BreadcrumbList\",\"@id\":\"https:\/\/socabu-assurances.com\/socabu\/la-societe\/#breadcrumb\",\"itemListElement\":[{\"@type\":\"ListItem\",\"position\":1,\"name\":\"Home\",\"item\":\"https:\/\/socabu-assurances.com\/socabu\/\"},{\"@type\":\"ListItem\",\"position\":2,\"name\":\"La soci\u00e9t\u00e9\"}]},{\"@type\":\"WebSite\",\"@id\":\"https:\/\/socabu-assurances.com\/socabu\/#website\",\"url\":\"https:\/\/socabu-assurances.com\/socabu\/\",\"name\":\"socabu\",\"description\":\"\",\"publisher\":{\"@id\":\"https:\/\/socabu-assurances.com\/socabu\/#organization\"},\"potentialAction\":[{\"@type\":\"SearchAction\",\"target\":{\"@type\":\"EntryPoint\",\"urlTemplate\":\"https:\/\/socabu-assurances.com\/socabu\/?s={search_term_string}\"},\"query-input\":{\"@type\":\"PropertyValueSpecification\",\"valueRequired\":true,\"valueName\":\"search_term_string\"}}],\"inLanguage\":\"en-US\"},{\"@type\":\"Organization\",\"@id\":\"https:\/\/socabu-assurances.com\/socabu\/#organization\",\"name\":\"socabu\",\"url\":\"https:\/\/socabu-assurances.com\/socabu\/\",\"logo\":{\"@type\":\"ImageObject\",\"inLanguage\":\"en-US\",\"@id\":\"https:\/\/socabu-assurances.com\/socabu\/#\/schema\/logo\/image\/\",\"url\":\"https:\/\/socabu-assurances.com\/socabu\/wp-content\/uploads\/2024\/04\/241699614_114063681002500_7465449128335960887_n.jpg\",\"contentUrl\":\"https:\/\/socabu-assurances.com\/socabu\/wp-content\/uploads\/2024\/04\/241699614_114063681002500_7465449128335960887_n.jpg\",\"width\":637,\"height\":227,\"caption\":\"socabu\"},\"image\":{\"@id\":\"https:\/\/socabu-assurances.com\/socabu\/#\/schema\/logo\/image\/\"}}]}<\/script>\n<!-- \/ Yoast SEO plugin. -->","yoast_head_json":{"title":"La soci\u00e9t\u00e9 - socabu","robots":{"index":"index","follow":"follow","max-snippet":"max-snippet:-1","max-image-preview":"max-image-preview:large","max-video-preview":"max-video-preview:-1"},"canonical":"https:\/\/socabu-assurances.com\/socabu\/la-societe\/","og_locale":"en_US","og_type":"article","og_title":"La soci\u00e9t\u00e9 - socabu","og_description":"LA SOCIETE La Socabu assurances en quelques chiffres 47 ann\u00e9es d&#8217;exp\u00e9riences 43 Milliards de fonds propres 167 Milliards total d&#8217;actifs Consultez notre rapport annuel Le rapport de 2022","og_url":"https:\/\/socabu-assurances.com\/socabu\/la-societe\/","og_site_name":"socabu","article_modified_time":"2024-05-27T08:24:31+00:00","og_image":[{"url":"https:\/\/socabu-assurances.com\/socabu\/wp-content\/uploads\/2024\/05\/socabu-batiment2-1024x648.jpg","type":"","width":"","height":""}],"twitter_card":"summary_large_image","twitter_misc":{"Est. reading time":"1 minute"},"schema":{"@context":"https:\/\/schema.org","@graph":[{"@type":"WebPage","@id":"https:\/\/socabu-assurances.com\/socabu\/la-societe\/","url":"https:\/\/socabu-assurances.com\/socabu\/la-societe\/","name":"La soci\u00e9t\u00e9 - socabu","isPartOf":{"@id":"https:\/\/socabu-assurances.com\/socabu\/#website"},"primaryImageOfPage":{"@id":"https:\/\/socabu-assurances.com\/socabu\/la-societe\/#primaryimage"},"image":{"@id":"https:\/\/socabu-assurances.com\/socabu\/la-societe\/#primaryimage"},"thumbnailUrl":"https:\/\/socabu-assurances.com\/socabu\/wp-content\/uploads\/2024\/05\/socabu-batiment2-1024x648.jpg","datePublished":"2024-04-30T22:16:47+00:00","dateModified":"2024-05-27T08:24:31+00:00","breadcrumb":{"@id":"https:\/\/socabu-assurances.com\/socabu\/la-societe\/#breadcrumb"},"inLanguage":"en-US","potentialAction":[{"@type":"ReadAction","target":["https:\/\/socabu-assurances.com\/socabu\/la-societe\/"]}]},{"@type":"ImageObject","inLanguage":"en-US","@id":"https:\/\/socabu-assurances.com\/socabu\/la-societe\/#primaryimage","url":"https:\/\/socabu-assurances.com\/socabu\/wp-content\/uploads\/2024\/05\/socabu-batiment2.jpg","contentUrl":"https:\/\/socabu-assurances.com\/socabu\/wp-content\/uploads\/2024\/05\/socabu-batiment2.jpg","width":2048,"height":1296},{"@type":"BreadcrumbList","@id":"https:\/\/socabu-assurances.com\/socabu\/la-societe\/#breadcrumb","itemListElement":[{"@type":"ListItem","position":1,"name":"Home","item":"https:\/\/socabu-assurances.com\/socabu\/"},{"@type":"ListItem","position":2,"name":"La soci\u00e9t\u00e9"}]},{"@type":"WebSite","@id":"https:\/\/socabu-assurances.com\/socabu\/#website","url":"https:\/\/socabu-assurances.com\/socabu\/","name":"socabu","description":"","publisher":{"@id":"https:\/\/socabu-assurances.com\/socabu\/#organization"},"potentialAction":[{"@type":"SearchAction","target":{"@type":"EntryPoint","urlTemplate":"https:\/\/socabu-assurances.com\/socabu\/?s={search_term_string}"},"query-input":{"@type":"PropertyValueSpecification","valueRequired":true,"valueName":"search_term_string"}}],"inLanguage":"en-US"},{"@type":"Organization","@id":"https:\/\/socabu-assurances.com\/socabu\/#organization","name":"socabu","url":"https:\/\/socabu-assurances.com\/socabu\/","logo":{"@type":"ImageObject","inLanguage":"en-US","@id":"https:\/\/socabu-assurances.com\/socabu\/#\/schema\/logo\/image\/","url":"https:\/\/socabu-assurances.com\/socabu\/wp-content\/uploads\/2024\/04\/241699614_114063681002500_7465449128335960887_n.jpg","contentUrl":"https:\/\/socabu-assurances.com\/socabu\/wp-content\/uploads\/2024\/04\/241699614_114063681002500_7465449128335960887_n.jpg","width":637,"height":227,"caption":"socabu"},"image":{"@id":"https:\/\/socabu-assurances.com\/socabu\/#\/schema\/logo\/image\/"}}]}},"uagb_featured_image_src":{"full":false,"thumbnail":false,"medium":false,"medium_large":false,"large":false,"1536x1536":false,"2048x2048":false},"uagb_author_info":{"display_name":"MUHIRE Diane","author_link":"https:\/\/socabu-assurances.com\/socabu\/author\/diane\/"},"uagb_comment_info":0,"uagb_excerpt":"LA SOCIETE La Socabu assurances en quelques chiffres 47 ann\u00e9es d&#8217;exp\u00e9riences 43 Milliards de fonds propres 167 Milliards total d&#8217;actifs Consultez notre rapport annuel Le rapport de 2022","_links":{"self":[{"href":"https:\/\/socabu-assurances.com\/socabu\/wp-json\/wp\/v2\/pages\/1829","targetHints":{"allow":["GET"]}}],"collection":[{"href":"https:\/\/socabu-assurances.com\/socabu\/wp-json\/wp\/v2\/pages"}],"about":[{"href":"https:\/\/socabu-assurances.com\/socabu\/wp-json\/wp\/v2\/types\/page"}],"author":[{"embeddable":true,"href":"https:\/\/socabu-assurances.com\/socabu\/wp-json\/wp\/v2\/users\/2"}],"replies":[{"embeddable":true,"href":"https:\/\/socabu-assurances.com\/socabu\/wp-json\/wp\/v2\/comments?post=1829"}],"version-history":[{"count":29,"href":"https:\/\/socabu-assurances.com\/socabu\/wp-json\/wp\/v2\/pages\/1829\/revisions"}],"predecessor-version":[{"id":2676,"href":"https:\/\/socabu-assurances.com\/socabu\/wp-json\/wp\/v2\/pages\/1829\/revisions\/2676"}],"wp:attachment":[{"href":"https:\/\/socabu-assurances.com\/socabu\/wp-json\/wp\/v2\/media?parent=1829"}],"curies":[{"name":"wp","href":"https:\/\/api.w.org\/{rel}","templated":true}]}}