{"id":1984,"date":"2024-05-03T08:25:04","date_gmt":"2024-05-03T06:25:04","guid":{"rendered":"https:\/\/socabu-assurances.com\/socabu\/?page_id=1984"},"modified":"2024-05-27T03:13:38","modified_gmt":"2024-05-27T01:13:38","slug":"la-direction","status":"publish","type":"page","link":"https:\/\/socabu-assurances.com\/socabu\/la-direction\/","title":{"rendered":"La direction"},"content":{"rendered":"\t\t<div data-elementor-type=\"wp-page\" data-elementor-id=\"1984\" class=\"elementor elementor-1984\" data-elementor-post-type=\"page\">\n\t\t\t\t<div class=\"elementor-element elementor-element-2a3fdad e-flex e-con-boxed e-con e-parent\" data-id=\"2a3fdad\" data-element_type=\"container\" data-e-type=\"container\" data-settings=\"{&quot;background_background&quot;:&quot;classic&quot;}\">\n\t\t\t\t\t<div class=\"e-con-inner\">\n\t\t\t\t<div class=\"elementor-element elementor-element-d050c4f animated-slow elementor-invisible elementor-widget elementor-widget-heading\" data-id=\"d050c4f\" data-element_type=\"widget\" data-e-type=\"widget\" data-settings=\"{&quot;_animation&quot;:&quot;slideInUp&quot;}\" data-widget_type=\"heading.default\">\n\t\t\t\t<div class=\"elementor-widget-container\">\n\t\t\t\t\t<h2 class=\"elementor-heading-title elementor-size-default\">La direction<\/h2>\t\t\t\t<\/div>\n\t\t\t\t<\/div>\n\t\t<div class=\"elementor-element elementor-element-3400019 e-con-full e-flex e-con e-child\" data-id=\"3400019\" data-element_type=\"container\" data-e-type=\"container\">\n\t\t<div class=\"elementor-element elementor-element-903590e e-con-full e-flex e-con e-child\" data-id=\"903590e\" data-element_type=\"container\" data-e-type=\"container\">\n\t\t\t\t<div class=\"elementor-element elementor-element-d8a926f elementor-cta--valign-middle elementor-widget__width-inherit elementor-widget-tablet__width-inherit elementor-widget-mobile__width-inherit elementor-cta--skin-classic elementor-animated-content elementor-bg-transform elementor-bg-transform-zoom-in elementor-widget elementor-widget-call-to-action\" data-id=\"d8a926f\" data-element_type=\"widget\" data-e-type=\"widget\" data-widget_type=\"call-to-action.default\">\n\t\t\t\t<div class=\"elementor-widget-container\">\n\t\t\t\t\t\t\t<div class=\"elementor-cta\">\n\t\t\t\t\t<div class=\"elementor-cta__bg-wrapper\">\n\t\t\t\t<div class=\"elementor-cta__bg elementor-bg\" style=\"background-image: url(https:\/\/socabu-assurances.com\/socabu\/wp-content\/uploads\/2024\/05\/charles-adg.jpg);\" role=\"img\" aria-label=\"charles-adg\"><\/div>\n\t\t\t\t<div class=\"elementor-cta__bg-overlay\"><\/div>\n\t\t\t<\/div>\n\t\t\t\t\t\t\t\t<\/div>\n\t\t\t\t\t\t<\/div>\n\t\t\t\t<\/div>\n\t\t<div class=\"elementor-element elementor-element-2dfeaec e-flex e-con-boxed e-con e-child\" data-id=\"2dfeaec\" data-element_type=\"container\" data-e-type=\"container\">\n\t\t\t\t\t<div class=\"e-con-inner\">\n\t\t\t\t<div class=\"elementor-element elementor-element-b7669a8 elementor-widget elementor-widget-heading\" data-id=\"b7669a8\" data-element_type=\"widget\" data-e-type=\"widget\" data-widget_type=\"heading.default\">\n\t\t\t\t<div class=\"elementor-widget-container\">\n\t\t\t\t\t<span class=\"elementor-heading-title elementor-size-default\">                 Charles NDAGIJIMANA : Administrateur Directeur G\u00e9n\u00e9ral (ADG)<\/span>\t\t\t\t<\/div>\n\t\t\t\t<\/div>\n\t\t\t\t\t<\/div>\n\t\t\t\t<\/div>\n\t\t\t\t<\/div>\n\t\t<div class=\"elementor-element elementor-element-172a351 e-con-full e-flex e-con e-child\" data-id=\"172a351\" data-element_type=\"container\" data-e-type=\"container\">\n\t\t\t\t<div class=\"elementor-element elementor-element-a85f321 elementor-cta--valign-middle elementor-widget__width-inherit elementor-widget-tablet__width-inherit elementor-widget-mobile__width-inherit elementor-cta--skin-classic elementor-animated-content elementor-bg-transform elementor-bg-transform-zoom-in elementor-widget elementor-widget-call-to-action\" data-id=\"a85f321\" data-element_type=\"widget\" data-e-type=\"widget\" data-widget_type=\"call-to-action.default\">\n\t\t\t\t<div class=\"elementor-widget-container\">\n\t\t\t\t\t\t\t<div class=\"elementor-cta\">\n\t\t\t\t\t<div class=\"elementor-cta__bg-wrapper\">\n\t\t\t\t<div class=\"elementor-cta__bg elementor-bg\" style=\"background-image: url(https:\/\/socabu-assurances.com\/socabu\/wp-content\/uploads\/2024\/05\/eddy.jpg);\" role=\"img\" aria-label=\"eddy\"><\/div>\n\t\t\t\t<div class=\"elementor-cta__bg-overlay\"><\/div>\n\t\t\t<\/div>\n\t\t\t\t\t\t\t\t<\/div>\n\t\t\t\t\t\t<\/div>\n\t\t\t\t<\/div>\n\t\t<div class=\"elementor-element elementor-element-60c2d9b e-flex e-con-boxed e-con e-child\" data-id=\"60c2d9b\" data-element_type=\"container\" data-e-type=\"container\">\n\t\t\t\t\t<div class=\"e-con-inner\">\n\t\t\t\t<div class=\"elementor-element elementor-element-dc4f662 elementor-widget elementor-widget-heading\" data-id=\"dc4f662\" data-element_type=\"widget\" data-e-type=\"widget\" data-widget_type=\"heading.default\">\n\t\t\t\t<div class=\"elementor-widget-container\">\n\t\t\t\t\t<span class=\"elementor-heading-title elementor-size-default\">Eddy Michel  NTIRENGANYA Directeur Vie <\/span>\t\t\t\t<\/div>\n\t\t\t\t<\/div>\n\t\t\t\t\t<\/div>\n\t\t\t\t<\/div>\n\t\t\t\t<\/div>\n\t\t<div class=\"elementor-element elementor-element-b2fadc1 e-con-full e-flex e-con e-child\" data-id=\"b2fadc1\" data-element_type=\"container\" data-e-type=\"container\">\n\t\t\t\t<div class=\"elementor-element elementor-element-7d7b922 elementor-cta--valign-middle elementor-widget__width-inherit elementor-widget-tablet__width-inherit elementor-widget-mobile__width-inherit elementor-cta--skin-classic elementor-animated-content elementor-bg-transform elementor-bg-transform-zoom-in elementor-widget elementor-widget-call-to-action\" data-id=\"7d7b922\" data-element_type=\"widget\" data-e-type=\"widget\" data-widget_type=\"call-to-action.default\">\n\t\t\t\t<div class=\"elementor-widget-container\">\n\t\t\t\t\t\t\t<div class=\"elementor-cta\">\n\t\t\t\t\t<div class=\"elementor-cta__bg-wrapper\">\n\t\t\t\t<div class=\"elementor-cta__bg elementor-bg\" style=\"background-image: url(https:\/\/socabu-assurances.com\/socabu\/wp-content\/uploads\/2024\/05\/fav.jpg);\" role=\"img\" aria-label=\"fav\"><\/div>\n\t\t\t\t<div class=\"elementor-cta__bg-overlay\"><\/div>\n\t\t\t<\/div>\n\t\t\t\t\t\t\t\t<\/div>\n\t\t\t\t\t\t<\/div>\n\t\t\t\t<\/div>\n\t\t<div class=\"elementor-element elementor-element-c71a801 e-flex e-con-boxed e-con e-child\" data-id=\"c71a801\" data-element_type=\"container\" data-e-type=\"container\">\n\t\t\t\t\t<div class=\"e-con-inner\">\n\t\t\t\t<div class=\"elementor-element elementor-element-914da45 elementor-widget elementor-widget-heading\" data-id=\"914da45\" data-element_type=\"widget\" data-e-type=\"widget\" data-widget_type=\"heading.default\">\n\t\t\t\t<div class=\"elementor-widget-container\">\n\t\t\t\t\t<span class=\"elementor-heading-title elementor-size-default\">Fabrice  BANGEMU Directeur des Ressources    \n                                                                                                   Humaines et  Services G\u00e9n\u00e9raux\n\n<\/span>\t\t\t\t<\/div>\n\t\t\t\t<\/div>\n\t\t\t\t\t<\/div>\n\t\t\t\t<\/div>\n\t\t\t\t<\/div>\n\t\t<div class=\"elementor-element elementor-element-ea28eb7 e-con-full e-flex e-con e-child\" data-id=\"ea28eb7\" data-element_type=\"container\" data-e-type=\"container\">\n\t\t\t\t<div class=\"elementor-element elementor-element-e5e5c93 elementor-cta--valign-middle elementor-widget__width-inherit elementor-widget-tablet__width-inherit elementor-widget-mobile__width-inherit elementor-cta--skin-classic elementor-animated-content elementor-bg-transform elementor-bg-transform-zoom-in elementor-widget elementor-widget-call-to-action\" data-id=\"e5e5c93\" data-element_type=\"widget\" data-e-type=\"widget\" data-widget_type=\"call-to-action.default\">\n\t\t\t\t<div class=\"elementor-widget-container\">\n\t\t\t\t\t\t\t<div class=\"elementor-cta\">\n\t\t\t\t\t<div class=\"elementor-cta__bg-wrapper\">\n\t\t\t\t<div class=\"elementor-cta__bg elementor-bg\" style=\"background-image: url(https:\/\/socabu-assurances.com\/socabu\/wp-content\/uploads\/2024\/05\/misigaro-1.jpg);\" role=\"img\" aria-label=\"misigaro-1\"><\/div>\n\t\t\t\t<div class=\"elementor-cta__bg-overlay\"><\/div>\n\t\t\t<\/div>\n\t\t\t\t\t\t\t\t<\/div>\n\t\t\t\t\t\t<\/div>\n\t\t\t\t<\/div>\n\t\t<div class=\"elementor-element elementor-element-c65f659 e-flex e-con-boxed e-con e-child\" data-id=\"c65f659\" data-element_type=\"container\" data-e-type=\"container\">\n\t\t\t\t\t<div class=\"e-con-inner\">\n\t\t\t\t<div class=\"elementor-element elementor-element-4f3dbad elementor-widget elementor-widget-heading\" data-id=\"4f3dbad\" data-element_type=\"widget\" data-e-type=\"widget\" data-widget_type=\"heading.default\">\n\t\t\t\t<div class=\"elementor-widget-container\">\n\t\t\t\t\t<span class=\"elementor-heading-title elementor-size-default\">Desiderate MISIGARO Directeur des Finances et Comptabilit\u00e9 \n\n<\/span>\t\t\t\t<\/div>\n\t\t\t\t<\/div>\n\t\t\t\t\t<\/div>\n\t\t\t\t<\/div>\n\t\t\t\t<\/div>\n\t\t<div class=\"elementor-element elementor-element-0ccd510 e-con-full e-flex e-con e-child\" data-id=\"0ccd510\" data-element_type=\"container\" data-e-type=\"container\">\n\t\t\t\t<div class=\"elementor-element elementor-element-db37273 elementor-cta--valign-middle elementor-widget__width-inherit elementor-widget-tablet__width-inherit elementor-widget-mobile__width-inherit elementor-cta--skin-classic elementor-animated-content elementor-bg-transform elementor-bg-transform-zoom-in elementor-widget elementor-widget-call-to-action\" data-id=\"db37273\" data-element_type=\"widget\" data-e-type=\"widget\" data-widget_type=\"call-to-action.default\">\n\t\t\t\t<div class=\"elementor-widget-container\">\n\t\t\t\t\t\t\t<div class=\"elementor-cta\">\n\t\t\t\t\t<div class=\"elementor-cta__bg-wrapper\">\n\t\t\t\t<div class=\"elementor-cta__bg elementor-bg\" style=\"background-image: url(https:\/\/socabu-assurances.com\/socabu\/wp-content\/uploads\/2024\/05\/Charles-Luanga.png);\" role=\"img\" aria-label=\"Charles-Luanga\"><\/div>\n\t\t\t\t<div class=\"elementor-cta__bg-overlay\"><\/div>\n\t\t\t<\/div>\n\t\t\t\t\t\t\t\t<\/div>\n\t\t\t\t\t\t<\/div>\n\t\t\t\t<\/div>\n\t\t<div class=\"elementor-element elementor-element-83bb62a e-flex e-con-boxed e-con e-child\" data-id=\"83bb62a\" data-element_type=\"container\" data-e-type=\"container\">\n\t\t\t\t\t<div class=\"e-con-inner\">\n\t\t\t\t<div class=\"elementor-element elementor-element-5783681 elementor-widget elementor-widget-heading\" data-id=\"5783681\" data-element_type=\"widget\" data-e-type=\"widget\" data-widget_type=\"heading.default\">\n\t\t\t\t<div class=\"elementor-widget-container\">\n\t\t\t\t\t<span class=\"elementor-heading-title elementor-size-default\"> Charles Luanga NTUNZWENIMANA Directeur Non Vie\n<\/span>\t\t\t\t<\/div>\n\t\t\t\t<\/div>\n\t\t\t\t\t<\/div>\n\t\t\t\t<\/div>\n\t\t\t\t<\/div>\n\t\t\t\t<\/div>\n\t\t\t\t\t<\/div>\n\t\t\t\t<\/div>\n\t\t<div class=\"elementor-element elementor-element-2c3c2b2 e-flex e-con-boxed e-con e-parent\" data-id=\"2c3c2b2\" data-element_type=\"container\" data-e-type=\"container\">\n\t\t\t\t\t<div class=\"e-con-inner\">\n\t\t\t\t<div class=\"elementor-element elementor-element-e58e94e elementor-widget elementor-widget-spacer\" data-id=\"e58e94e\" data-element_type=\"widget\" data-e-type=\"widget\" data-widget_type=\"spacer.default\">\n\t\t\t\t<div class=\"elementor-widget-container\">\n\t\t\t\t\t\t\t<div class=\"elementor-spacer\">\n\t\t\t<div class=\"elementor-spacer-inner\"><\/div>\n\t\t<\/div>\n\t\t\t\t\t\t<\/div>\n\t\t\t\t<\/div>\n\t\t\t\t\t<\/div>\n\t\t\t\t<\/div>\n\t\t\t\t<\/div>\n\t\t","protected":false},"excerpt":{"rendered":"<p>La direction Charles NDAGIJIMANA : Administrateur Directeur G\u00e9n\u00e9ral (ADG) Eddy Michel NTIRENGANYA Directeur Vie Fabrice BANGEMU Directeur des Ressources Humaines et Services G\u00e9n\u00e9raux Desiderate MISIGARO Directeur des Finances et Comptabilit\u00e9 Charles Luanga NTUNZWENIMANA Directeur Non Vie<\/p>\n","protected":false},"author":2,"featured_media":0,"parent":0,"menu_order":0,"comment_status":"closed","ping_status":"closed","template":"elementor_header_footer","meta":{"_uag_custom_page_level_css":"","site-sidebar-layout":"no-sidebar","site-content-layout":"page-builder","ast-site-content-layout":"full-width-container","site-content-style":"default","site-sidebar-style":"default","ast-global-header-display":"","ast-banner-title-visibility":"","ast-main-header-display":"","ast-hfb-above-header-display":"","ast-hfb-below-header-display":"","ast-hfb-mobile-header-display":"","site-post-title":"disabled","ast-breadcrumbs-content":"","ast-featured-img":"disabled","footer-sml-layout":"","ast-disable-related-posts":"","theme-transparent-header-meta":"","adv-header-id-meta":"","stick-header-meta":"","header-above-stick-meta":"","header-main-stick-meta":"","header-below-stick-meta":"","astra-migrate-meta-layouts":"set","ast-page-background-enabled":"default","ast-page-background-meta":{"desktop":{"background-color":"var(--ast-global-color-4)","background-image":"","background-repeat":"repeat","background-position":"center center","background-size":"auto","background-attachment":"scroll","background-type":"","background-media":"","overlay-type":"","overlay-color":"","overlay-opacity":"","overlay-gradient":""},"tablet":{"background-color":"","background-image":"","background-repeat":"repeat","background-position":"center center","background-size":"auto","background-attachment":"scroll","background-type":"","background-media":"","overlay-type":"","overlay-color":"","overlay-opacity":"","overlay-gradient":""},"mobile":{"background-color":"","background-image":"","background-repeat":"repeat","background-position":"center center","background-size":"auto","background-attachment":"scroll","background-type":"","background-media":"","overlay-type":"","overlay-color":"","overlay-opacity":"","overlay-gradient":""}},"ast-content-background-meta":{"desktop":{"background-color":"var(--ast-global-color-5)","background-image":"","background-repeat":"repeat","background-position":"center center","background-size":"auto","background-attachment":"scroll","background-type":"","background-media":"","overlay-type":"","overlay-color":"","overlay-opacity":"","overlay-gradient":""},"tablet":{"background-color":"var(--ast-global-color-5)","background-image":"","background-repeat":"repeat","background-position":"center center","background-size":"auto","background-attachment":"scroll","background-type":"","background-media":"","overlay-type":"","overlay-color":"","overlay-opacity":"","overlay-gradient":""},"mobile":{"background-color":"var(--ast-global-color-5)","background-image":"","background-repeat":"repeat","background-position":"center center","background-size":"auto","background-attachment":"scroll","background-type":"","background-media":"","overlay-type":"","overlay-color":"","overlay-opacity":"","overlay-gradient":""}},"footnotes":""},"class_list":["post-1984","page","type-page","status-publish","hentry"],"yoast_head":"<!-- This site is optimized with the Yoast SEO plugin v27.0 - https:\/\/yoast.com\/product\/yoast-seo-wordpress\/ -->\n<title>La direction - socabu<\/title>\n<meta name=\"robots\" content=\"index, follow, max-snippet:-1, max-image-preview:large, max-video-preview:-1\" \/>\n<link rel=\"canonical\" href=\"https:\/\/socabu-assurances.com\/socabu\/la-direction\/\" \/>\n<meta property=\"og:locale\" content=\"en_US\" \/>\n<meta property=\"og:type\" content=\"article\" \/>\n<meta property=\"og:title\" content=\"La direction - socabu\" \/>\n<meta property=\"og:description\" content=\"La direction Charles NDAGIJIMANA : Administrateur Directeur G\u00e9n\u00e9ral (ADG) Eddy Michel NTIRENGANYA Directeur Vie Fabrice BANGEMU Directeur des Ressources Humaines et Services G\u00e9n\u00e9raux Desiderate MISIGARO Directeur des Finances et Comptabilit\u00e9 Charles Luanga NTUNZWENIMANA Directeur Non Vie\" \/>\n<meta property=\"og:url\" content=\"https:\/\/socabu-assurances.com\/socabu\/la-direction\/\" \/>\n<meta property=\"og:site_name\" content=\"socabu\" \/>\n<meta property=\"article:modified_time\" content=\"2024-05-27T01:13:38+00:00\" \/>\n<meta name=\"twitter:card\" content=\"summary_large_image\" \/>\n<meta name=\"twitter:label1\" content=\"Est. reading time\" \/>\n\t<meta name=\"twitter:data1\" content=\"1 minute\" \/>\n<script type=\"application\/ld+json\" class=\"yoast-schema-graph\">{\"@context\":\"https:\/\/schema.org\",\"@graph\":[{\"@type\":\"WebPage\",\"@id\":\"https:\/\/socabu-assurances.com\/socabu\/la-direction\/\",\"url\":\"https:\/\/socabu-assurances.com\/socabu\/la-direction\/\",\"name\":\"La direction - socabu\",\"isPartOf\":{\"@id\":\"https:\/\/socabu-assurances.com\/socabu\/#website\"},\"datePublished\":\"2024-05-03T06:25:04+00:00\",\"dateModified\":\"2024-05-27T01:13:38+00:00\",\"breadcrumb\":{\"@id\":\"https:\/\/socabu-assurances.com\/socabu\/la-direction\/#breadcrumb\"},\"inLanguage\":\"en-US\",\"potentialAction\":[{\"@type\":\"ReadAction\",\"target\":[\"https:\/\/socabu-assurances.com\/socabu\/la-direction\/\"]}]},{\"@type\":\"BreadcrumbList\",\"@id\":\"https:\/\/socabu-assurances.com\/socabu\/la-direction\/#breadcrumb\",\"itemListElement\":[{\"@type\":\"ListItem\",\"position\":1,\"name\":\"Home\",\"item\":\"https:\/\/socabu-assurances.com\/socabu\/\"},{\"@type\":\"ListItem\",\"position\":2,\"name\":\"La direction\"}]},{\"@type\":\"WebSite\",\"@id\":\"https:\/\/socabu-assurances.com\/socabu\/#website\",\"url\":\"https:\/\/socabu-assurances.com\/socabu\/\",\"name\":\"socabu\",\"description\":\"\",\"publisher\":{\"@id\":\"https:\/\/socabu-assurances.com\/socabu\/#organization\"},\"potentialAction\":[{\"@type\":\"SearchAction\",\"target\":{\"@type\":\"EntryPoint\",\"urlTemplate\":\"https:\/\/socabu-assurances.com\/socabu\/?s={search_term_string}\"},\"query-input\":{\"@type\":\"PropertyValueSpecification\",\"valueRequired\":true,\"valueName\":\"search_term_string\"}}],\"inLanguage\":\"en-US\"},{\"@type\":\"Organization\",\"@id\":\"https:\/\/socabu-assurances.com\/socabu\/#organization\",\"name\":\"socabu\",\"url\":\"https:\/\/socabu-assurances.com\/socabu\/\",\"logo\":{\"@type\":\"ImageObject\",\"inLanguage\":\"en-US\",\"@id\":\"https:\/\/socabu-assurances.com\/socabu\/#\/schema\/logo\/image\/\",\"url\":\"https:\/\/socabu-assurances.com\/socabu\/wp-content\/uploads\/2024\/04\/241699614_114063681002500_7465449128335960887_n.jpg\",\"contentUrl\":\"https:\/\/socabu-assurances.com\/socabu\/wp-content\/uploads\/2024\/04\/241699614_114063681002500_7465449128335960887_n.jpg\",\"width\":637,\"height\":227,\"caption\":\"socabu\"},\"image\":{\"@id\":\"https:\/\/socabu-assurances.com\/socabu\/#\/schema\/logo\/image\/\"}}]}<\/script>\n<!-- \/ Yoast SEO plugin. -->","yoast_head_json":{"title":"La direction - socabu","robots":{"index":"index","follow":"follow","max-snippet":"max-snippet:-1","max-image-preview":"max-image-preview:large","max-video-preview":"max-video-preview:-1"},"canonical":"https:\/\/socabu-assurances.com\/socabu\/la-direction\/","og_locale":"en_US","og_type":"article","og_title":"La direction - socabu","og_description":"La direction Charles NDAGIJIMANA : Administrateur Directeur G\u00e9n\u00e9ral (ADG) Eddy Michel NTIRENGANYA Directeur Vie Fabrice BANGEMU Directeur des Ressources Humaines et Services G\u00e9n\u00e9raux Desiderate MISIGARO Directeur des Finances et Comptabilit\u00e9 Charles Luanga NTUNZWENIMANA Directeur Non Vie","og_url":"https:\/\/socabu-assurances.com\/socabu\/la-direction\/","og_site_name":"socabu","article_modified_time":"2024-05-27T01:13:38+00:00","twitter_card":"summary_large_image","twitter_misc":{"Est. reading time":"1 minute"},"schema":{"@context":"https:\/\/schema.org","@graph":[{"@type":"WebPage","@id":"https:\/\/socabu-assurances.com\/socabu\/la-direction\/","url":"https:\/\/socabu-assurances.com\/socabu\/la-direction\/","name":"La direction - socabu","isPartOf":{"@id":"https:\/\/socabu-assurances.com\/socabu\/#website"},"datePublished":"2024-05-03T06:25:04+00:00","dateModified":"2024-05-27T01:13:38+00:00","breadcrumb":{"@id":"https:\/\/socabu-assurances.com\/socabu\/la-direction\/#breadcrumb"},"inLanguage":"en-US","potentialAction":[{"@type":"ReadAction","target":["https:\/\/socabu-assurances.com\/socabu\/la-direction\/"]}]},{"@type":"BreadcrumbList","@id":"https:\/\/socabu-assurances.com\/socabu\/la-direction\/#breadcrumb","itemListElement":[{"@type":"ListItem","position":1,"name":"Home","item":"https:\/\/socabu-assurances.com\/socabu\/"},{"@type":"ListItem","position":2,"name":"La direction"}]},{"@type":"WebSite","@id":"https:\/\/socabu-assurances.com\/socabu\/#website","url":"https:\/\/socabu-assurances.com\/socabu\/","name":"socabu","description":"","publisher":{"@id":"https:\/\/socabu-assurances.com\/socabu\/#organization"},"potentialAction":[{"@type":"SearchAction","target":{"@type":"EntryPoint","urlTemplate":"https:\/\/socabu-assurances.com\/socabu\/?s={search_term_string}"},"query-input":{"@type":"PropertyValueSpecification","valueRequired":true,"valueName":"search_term_string"}}],"inLanguage":"en-US"},{"@type":"Organization","@id":"https:\/\/socabu-assurances.com\/socabu\/#organization","name":"socabu","url":"https:\/\/socabu-assurances.com\/socabu\/","logo":{"@type":"ImageObject","inLanguage":"en-US","@id":"https:\/\/socabu-assurances.com\/socabu\/#\/schema\/logo\/image\/","url":"https:\/\/socabu-assurances.com\/socabu\/wp-content\/uploads\/2024\/04\/241699614_114063681002500_7465449128335960887_n.jpg","contentUrl":"https:\/\/socabu-assurances.com\/socabu\/wp-content\/uploads\/2024\/04\/241699614_114063681002500_7465449128335960887_n.jpg","width":637,"height":227,"caption":"socabu"},"image":{"@id":"https:\/\/socabu-assurances.com\/socabu\/#\/schema\/logo\/image\/"}}]}},"uagb_featured_image_src":{"full":false,"thumbnail":false,"medium":false,"medium_large":false,"large":false,"1536x1536":false,"2048x2048":false},"uagb_author_info":{"display_name":"MUHIRE Diane","author_link":"https:\/\/socabu-assurances.com\/socabu\/author\/diane\/"},"uagb_comment_info":0,"uagb_excerpt":"La direction Charles NDAGIJIMANA : Administrateur Directeur G\u00e9n\u00e9ral (ADG) Eddy Michel NTIRENGANYA Directeur Vie Fabrice BANGEMU Directeur des Ressources Humaines et Services G\u00e9n\u00e9raux Desiderate MISIGARO Directeur des Finances et Comptabilit\u00e9 Charles Luanga NTUNZWENIMANA Directeur Non Vie","_links":{"self":[{"href":"https:\/\/socabu-assurances.com\/socabu\/wp-json\/wp\/v2\/pages\/1984","targetHints":{"allow":["GET"]}}],"collection":[{"href":"https:\/\/socabu-assurances.com\/socabu\/wp-json\/wp\/v2\/pages"}],"about":[{"href":"https:\/\/socabu-assurances.com\/socabu\/wp-json\/wp\/v2\/types\/page"}],"author":[{"embeddable":true,"href":"https:\/\/socabu-assurances.com\/socabu\/wp-json\/wp\/v2\/users\/2"}],"replies":[{"embeddable":true,"href":"https:\/\/socabu-assurances.com\/socabu\/wp-json\/wp\/v2\/comments?post=1984"}],"version-history":[{"count":4,"href":"https:\/\/socabu-assurances.com\/socabu\/wp-json\/wp\/v2\/pages\/1984\/revisions"}],"predecessor-version":[{"id":2632,"href":"https:\/\/socabu-assurances.com\/socabu\/wp-json\/wp\/v2\/pages\/1984\/revisions\/2632"}],"wp:attachment":[{"href":"https:\/\/socabu-assurances.com\/socabu\/wp-json\/wp\/v2\/media?parent=1984"}],"curies":[{"name":"wp","href":"https:\/\/api.w.org\/{rel}","templated":true}]}}