{"id":2015,"date":"2024-05-05T23:04:40","date_gmt":"2024-05-05T21:04:40","guid":{"rendered":"https:\/\/socabu-assurances.com\/socabu\/?page_id=2015"},"modified":"2024-08-06T01:01:31","modified_gmt":"2024-08-05T23:01:31","slug":"assurance-corps-bateaux","status":"publish","type":"page","link":"https:\/\/socabu-assurances.com\/socabu\/assurance-corps-bateaux\/","title":{"rendered":"Assurance corps bateaux"},"content":{"rendered":"\t\t<div data-elementor-type=\"wp-page\" data-elementor-id=\"2015\" class=\"elementor elementor-2015\" data-elementor-post-type=\"page\">\n\t\t\t\t<div class=\"elementor-element elementor-element-1c059e03 e-flex e-con-boxed e-con e-parent\" data-id=\"1c059e03\" data-element_type=\"container\" data-e-type=\"container\" data-settings=\"{&quot;background_background&quot;:&quot;classic&quot;}\">\n\t\t\t\t\t<div class=\"e-con-inner\">\n\t\t<div class=\"elementor-element elementor-element-42e23c04 e-con-full e-flex e-con e-child\" data-id=\"42e23c04\" data-element_type=\"container\" data-e-type=\"container\">\n\t\t\t\t<div class=\"elementor-element elementor-element-5680d822 elementor-widget elementor-widget-heading\" data-id=\"5680d822\" data-element_type=\"widget\" data-e-type=\"widget\" data-widget_type=\"heading.default\">\n\t\t\t\t<div class=\"elementor-widget-container\">\n\t\t\t\t\t<h1 class=\"elementor-heading-title elementor-size-default\">Assurance corps bateaux<\/h1>\t\t\t\t<\/div>\n\t\t\t\t<\/div>\n\t\t\t\t<\/div>\n\t\t\t\t\t<\/div>\n\t\t\t\t<\/div>\n\t\t<div class=\"elementor-element elementor-element-77f7adfc e-flex e-con-boxed e-con e-parent\" data-id=\"77f7adfc\" data-element_type=\"container\" data-e-type=\"container\" data-settings=\"{&quot;background_background&quot;:&quot;classic&quot;}\">\n\t\t\t\t\t<div class=\"e-con-inner\">\n\t\t\t\t<div class=\"elementor-element elementor-element-61009cf4 elementor-widget elementor-widget-spacer\" data-id=\"61009cf4\" data-element_type=\"widget\" data-e-type=\"widget\" data-widget_type=\"spacer.default\">\n\t\t\t\t<div class=\"elementor-widget-container\">\n\t\t\t\t\t\t\t<div class=\"elementor-spacer\">\n\t\t\t<div class=\"elementor-spacer-inner\"><\/div>\n\t\t<\/div>\n\t\t\t\t\t\t<\/div>\n\t\t\t\t<\/div>\n\t\t\t\t\t<\/div>\n\t\t\t\t<\/div>\n\t\t<div class=\"elementor-element elementor-element-3c5cb7c8 e-con-full e-flex e-con e-parent\" data-id=\"3c5cb7c8\" data-element_type=\"container\" data-e-type=\"container\" data-settings=\"{&quot;background_background&quot;:&quot;classic&quot;}\">\n\t\t<div class=\"elementor-element elementor-element-3b0dff1b e-con-full e-flex e-con e-child\" data-id=\"3b0dff1b\" data-element_type=\"container\" data-e-type=\"container\">\n\t\t\t\t<div class=\"elementor-element elementor-element-3171ed21 elementor-widget__width-initial elementor-widget elementor-widget-image\" data-id=\"3171ed21\" data-element_type=\"widget\" data-e-type=\"widget\" data-widget_type=\"image.default\">\n\t\t\t\t<div class=\"elementor-widget-container\">\n\t\t\t\t\t\t\t\t\t\t\t\t\t\t\t<img fetchpriority=\"high\" decoding=\"async\" width=\"1024\" height=\"682\" src=\"https:\/\/socabu-assurances.com\/socabu\/wp-content\/uploads\/2024\/05\/ship-ocean-waves-6403827-1024x682.jpg\" class=\"attachment-large size-large wp-image-2373\" alt=\"\" srcset=\"https:\/\/socabu-assurances.com\/socabu\/wp-content\/uploads\/2024\/05\/ship-ocean-waves-6403827-1024x682.jpg 1024w, https:\/\/socabu-assurances.com\/socabu\/wp-content\/uploads\/2024\/05\/ship-ocean-waves-6403827-300x200.jpg 300w, https:\/\/socabu-assurances.com\/socabu\/wp-content\/uploads\/2024\/05\/ship-ocean-waves-6403827-768x512.jpg 768w, https:\/\/socabu-assurances.com\/socabu\/wp-content\/uploads\/2024\/05\/ship-ocean-waves-6403827.jpg 1280w\" sizes=\"(max-width: 1024px) 100vw, 1024px\" \/>\t\t\t\t\t\t\t\t\t\t\t\t\t\t\t<\/div>\n\t\t\t\t<\/div>\n\t\t\t\t<\/div>\n\t\t<div class=\"elementor-element elementor-element-377acc0b e-con-full e-flex e-con e-child\" data-id=\"377acc0b\" data-element_type=\"container\" data-e-type=\"container\">\n\t\t\t\t<div class=\"elementor-element elementor-element-70071193 elementor-widget elementor-widget-heading\" data-id=\"70071193\" data-element_type=\"widget\" data-e-type=\"widget\" data-widget_type=\"heading.default\">\n\t\t\t\t<div class=\"elementor-widget-container\">\n\t\t\t\t\t<h2 class=\"elementor-heading-title elementor-size-default\">De quoi s\u2019agit-il ? \n<\/h2>\t\t\t\t<\/div>\n\t\t\t\t<\/div>\n\t\t\t\t<div class=\"elementor-element elementor-element-621e0c6e elementor-widget elementor-widget-text-editor\" data-id=\"621e0c6e\" data-element_type=\"widget\" data-e-type=\"widget\" data-widget_type=\"text-editor.default\">\n\t\t\t\t<div class=\"elementor-widget-container\">\n\t\t\t\t\t\t\t\t\t<p>Cette assurance couvre les engins de transports maritimes contre les d\u00e9g\u00e2ts mat\u00e9riels survenant aux bateaux.<\/p><p>Elle couvre \u00e9galement les frais d\u2019assistance aux bateaux et les recours des tiers pour dommages mat\u00e9riels.<\/p>\t\t\t\t\t\t\t\t<\/div>\n\t\t\t\t<\/div>\n\t\t\t\t<\/div>\n\t\t\t\t<\/div>\n\t\t<div class=\"elementor-element elementor-element-29c19c8 e-flex e-con-boxed e-con e-parent\" data-id=\"29c19c8\" data-element_type=\"container\" data-e-type=\"container\" data-settings=\"{&quot;background_background&quot;:&quot;classic&quot;}\">\n\t\t\t\t\t<div class=\"e-con-inner\">\n\t\t\t\t<div class=\"elementor-element elementor-element-7c4b508d elementor-widget elementor-widget-spacer\" data-id=\"7c4b508d\" data-element_type=\"widget\" data-e-type=\"widget\" data-widget_type=\"spacer.default\">\n\t\t\t\t<div class=\"elementor-widget-container\">\n\t\t\t\t\t\t\t<div class=\"elementor-spacer\">\n\t\t\t<div class=\"elementor-spacer-inner\"><\/div>\n\t\t<\/div>\n\t\t\t\t\t\t<\/div>\n\t\t\t\t<\/div>\n\t\t\t\t\t<\/div>\n\t\t\t\t<\/div>\n\t\t<div class=\"elementor-element elementor-element-13339d9a e-flex e-con-boxed e-con e-parent\" data-id=\"13339d9a\" data-element_type=\"container\" data-e-type=\"container\" data-settings=\"{&quot;background_background&quot;:&quot;classic&quot;}\">\n\t\t\t\t\t<div class=\"e-con-inner\">\n\t\t\t\t<div class=\"elementor-element elementor-element-2fb5e6ba elementor-widget elementor-widget-heading\" data-id=\"2fb5e6ba\" data-element_type=\"widget\" data-e-type=\"widget\" data-widget_type=\"heading.default\">\n\t\t\t\t<div class=\"elementor-widget-container\">\n\t\t\t\t\t<h1 class=\"elementor-heading-title elementor-size-default\">Nos garanties<\/h1>\t\t\t\t<\/div>\n\t\t\t\t<\/div>\n\t\t\t\t\t<\/div>\n\t\t\t\t<\/div>\n\t\t<div class=\"elementor-element elementor-element-247a4361 e-con-full e-flex e-con e-parent\" data-id=\"247a4361\" data-element_type=\"container\" data-e-type=\"container\" data-settings=\"{&quot;background_background&quot;:&quot;classic&quot;}\">\n\t\t<div class=\"elementor-element elementor-element-32bb61c7 e-con-full e-flex e-con e-child\" data-id=\"32bb61c7\" data-element_type=\"container\" data-e-type=\"container\">\n\t\t\t\t<div class=\"elementor-element elementor-element-1cacdf47 elementor-widget elementor-widget-text-editor\" data-id=\"1cacdf47\" data-element_type=\"widget\" data-e-type=\"widget\" data-widget_type=\"text-editor.default\">\n\t\t\t\t<div class=\"elementor-widget-container\">\n\t\t\t\t\t\t\t\t\t<ul><li>Tous risques (T.R.)\u00a0;<\/li><li>Perte totale ou r\u00e9put\u00e9e totale;<\/li><li>Frais d\u2019assistance\u00a0;<\/li><li>Recours des tiers pour dommages mat\u00e9riels.<\/li><\/ul><p>Informations \u00e0 fournir pour la souscription\u00a0:<\/p><ul><li>Caract\u00e9ristiques du bateau<\/li><li>Certificat d\u2019immatriculation<\/li><li>Certificat de navigabilit\u00e9<\/li><li>Valeur \u00e0 assurer<\/li><\/ul><p>D\u00e9compte de la prime\u00a0:<\/p><p>La prime \u00e0 payer est fonction de la valeur du bateau, de son usage, de son \u00e2ge et des garanties souscrites.<\/p>\t\t\t\t\t\t\t\t<\/div>\n\t\t\t\t<\/div>\n\t\t\t\t<\/div>\n\t\t<div class=\"elementor-element elementor-element-6124ffe4 e-con-full e-flex e-con e-child\" data-id=\"6124ffe4\" data-element_type=\"container\" data-e-type=\"container\">\n\t\t\t\t<div class=\"elementor-element elementor-element-55667349 elementor-widget elementor-widget-image\" data-id=\"55667349\" data-element_type=\"widget\" data-e-type=\"widget\" data-widget_type=\"image.default\">\n\t\t\t\t<div class=\"elementor-widget-container\">\n\t\t\t\t\t\t\t\t\t\t\t\t\t\t\t<img decoding=\"async\" width=\"1024\" height=\"682\" src=\"https:\/\/socabu-assurances.com\/socabu\/wp-content\/uploads\/2024\/05\/ship-cranes-loading-5810249-1-1024x682.jpg\" class=\"attachment-large size-large wp-image-2454\" alt=\"\" srcset=\"https:\/\/socabu-assurances.com\/socabu\/wp-content\/uploads\/2024\/05\/ship-cranes-loading-5810249-1-1024x682.jpg 1024w, https:\/\/socabu-assurances.com\/socabu\/wp-content\/uploads\/2024\/05\/ship-cranes-loading-5810249-1-300x200.jpg 300w, https:\/\/socabu-assurances.com\/socabu\/wp-content\/uploads\/2024\/05\/ship-cranes-loading-5810249-1-768x512.jpg 768w, https:\/\/socabu-assurances.com\/socabu\/wp-content\/uploads\/2024\/05\/ship-cranes-loading-5810249-1.jpg 1280w\" sizes=\"(max-width: 1024px) 100vw, 1024px\" \/>\t\t\t\t\t\t\t\t\t\t\t\t\t\t\t<\/div>\n\t\t\t\t<\/div>\n\t\t\t\t<\/div>\n\t\t\t\t<\/div>\n\t\t<div class=\"elementor-element elementor-element-630f87c e-flex e-con-boxed e-con e-parent\" data-id=\"630f87c\" data-element_type=\"container\" data-e-type=\"container\" data-settings=\"{&quot;background_background&quot;:&quot;classic&quot;}\">\n\t\t\t\t\t<div class=\"e-con-inner\">\n\t\t\t\t<div class=\"elementor-element elementor-element-bcbc5ba elementor-widget elementor-widget-spacer\" data-id=\"bcbc5ba\" data-element_type=\"widget\" data-e-type=\"widget\" data-widget_type=\"spacer.default\">\n\t\t\t\t<div class=\"elementor-widget-container\">\n\t\t\t\t\t\t\t<div class=\"elementor-spacer\">\n\t\t\t<div class=\"elementor-spacer-inner\"><\/div>\n\t\t<\/div>\n\t\t\t\t\t\t<\/div>\n\t\t\t\t<\/div>\n\t\t\t\t\t<\/div>\n\t\t\t\t<\/div>\n\t\t<div class=\"elementor-element elementor-element-fc08fe9 e-flex e-con-boxed e-con e-parent\" data-id=\"fc08fe9\" data-element_type=\"container\" data-e-type=\"container\" data-settings=\"{&quot;background_background&quot;:&quot;classic&quot;}\">\n\t\t\t\t\t<div class=\"e-con-inner\">\n\t\t\t\t<div class=\"elementor-element elementor-element-4e8554f elementor-widget elementor-widget-spacer\" data-id=\"4e8554f\" data-element_type=\"widget\" data-e-type=\"widget\" data-widget_type=\"spacer.default\">\n\t\t\t\t<div class=\"elementor-widget-container\">\n\t\t\t\t\t\t\t<div class=\"elementor-spacer\">\n\t\t\t<div class=\"elementor-spacer-inner\"><\/div>\n\t\t<\/div>\n\t\t\t\t\t\t<\/div>\n\t\t\t\t<\/div>\n\t\t\t\t\t<\/div>\n\t\t\t\t<\/div>\n\t\t\t\t<\/div>\n\t\t","protected":false},"excerpt":{"rendered":"<p>Assurance corps bateaux De quoi s\u2019agit-il ? Cette assurance couvre les engins de transports maritimes contre les d\u00e9g\u00e2ts mat\u00e9riels survenant aux bateaux. Elle couvre \u00e9galement les frais d\u2019assistance aux bateaux et les recours des tiers pour dommages mat\u00e9riels. Nos garanties Tous risques (T.R.)\u00a0; Perte totale ou r\u00e9put\u00e9e totale; Frais d\u2019assistance\u00a0; Recours des tiers pour dommages [&hellip;]<\/p>\n","protected":false},"author":2,"featured_media":0,"parent":0,"menu_order":0,"comment_status":"closed","ping_status":"closed","template":"","meta":{"_uag_custom_page_level_css":"","site-sidebar-layout":"no-sidebar","site-content-layout":"page-builder","ast-site-content-layout":"full-width-container","site-content-style":"default","site-sidebar-style":"default","ast-global-header-display":"","ast-banner-title-visibility":"","ast-main-header-display":"","ast-hfb-above-header-display":"","ast-hfb-below-header-display":"","ast-hfb-mobile-header-display":"","site-post-title":"disabled","ast-breadcrumbs-content":"","ast-featured-img":"disabled","footer-sml-layout":"","ast-disable-related-posts":"","theme-transparent-header-meta":"","adv-header-id-meta":"","stick-header-meta":"","header-above-stick-meta":"","header-main-stick-meta":"","header-below-stick-meta":"","astra-migrate-meta-layouts":"set","ast-page-background-enabled":"default","ast-page-background-meta":{"desktop":{"background-color":"var(--ast-global-color-4)","background-image":"","background-repeat":"repeat","background-position":"center center","background-size":"auto","background-attachment":"scroll","background-type":"","background-media":"","overlay-type":"","overlay-color":"","overlay-opacity":"","overlay-gradient":""},"tablet":{"background-color":"","background-image":"","background-repeat":"repeat","background-position":"center center","background-size":"auto","background-attachment":"scroll","background-type":"","background-media":"","overlay-type":"","overlay-color":"","overlay-opacity":"","overlay-gradient":""},"mobile":{"background-color":"","background-image":"","background-repeat":"repeat","background-position":"center center","background-size":"auto","background-attachment":"scroll","background-type":"","background-media":"","overlay-type":"","overlay-color":"","overlay-opacity":"","overlay-gradient":""}},"ast-content-background-meta":{"desktop":{"background-color":"var(--ast-global-color-5)","background-image":"","background-repeat":"repeat","background-position":"center center","background-size":"auto","background-attachment":"scroll","background-type":"","background-media":"","overlay-type":"","overlay-color":"","overlay-opacity":"","overlay-gradient":""},"tablet":{"background-color":"var(--ast-global-color-5)","background-image":"","background-repeat":"repeat","background-position":"center center","background-size":"auto","background-attachment":"scroll","background-type":"","background-media":"","overlay-type":"","overlay-color":"","overlay-opacity":"","overlay-gradient":""},"mobile":{"background-color":"var(--ast-global-color-5)","background-image":"","background-repeat":"repeat","background-position":"center center","background-size":"auto","background-attachment":"scroll","background-type":"","background-media":"","overlay-type":"","overlay-color":"","overlay-opacity":"","overlay-gradient":""}},"footnotes":""},"class_list":["post-2015","page","type-page","status-publish","hentry"],"yoast_head":"<!-- This site is optimized with the Yoast SEO plugin v27.0 - https:\/\/yoast.com\/product\/yoast-seo-wordpress\/ -->\n<title>Assurance corps bateaux - socabu<\/title>\n<meta name=\"robots\" content=\"index, follow, max-snippet:-1, max-image-preview:large, max-video-preview:-1\" \/>\n<link rel=\"canonical\" href=\"https:\/\/socabu-assurances.com\/socabu\/assurance-corps-bateaux\/\" \/>\n<meta property=\"og:locale\" content=\"en_US\" \/>\n<meta property=\"og:type\" content=\"article\" \/>\n<meta property=\"og:title\" content=\"Assurance corps bateaux - socabu\" \/>\n<meta property=\"og:description\" content=\"Assurance corps bateaux De quoi s\u2019agit-il ? Cette assurance couvre les engins de transports maritimes contre les d\u00e9g\u00e2ts mat\u00e9riels survenant aux bateaux. Elle couvre \u00e9galement les frais d\u2019assistance aux bateaux et les recours des tiers pour dommages mat\u00e9riels. Nos garanties Tous risques (T.R.)\u00a0; Perte totale ou r\u00e9put\u00e9e totale; Frais d\u2019assistance\u00a0; Recours des tiers pour dommages [&hellip;]\" \/>\n<meta property=\"og:url\" content=\"https:\/\/socabu-assurances.com\/socabu\/assurance-corps-bateaux\/\" \/>\n<meta property=\"og:site_name\" content=\"socabu\" \/>\n<meta property=\"article:modified_time\" content=\"2024-08-05T23:01:31+00:00\" \/>\n<meta property=\"og:image\" content=\"https:\/\/socabu-assurances.com\/socabu\/wp-content\/uploads\/2024\/05\/ship-ocean-waves-6403827-1024x682.jpg\" \/>\n<meta name=\"twitter:card\" content=\"summary_large_image\" \/>\n<meta name=\"twitter:label1\" content=\"Est. reading time\" \/>\n\t<meta name=\"twitter:data1\" content=\"1 minute\" \/>\n<script type=\"application\/ld+json\" class=\"yoast-schema-graph\">{\"@context\":\"https:\/\/schema.org\",\"@graph\":[{\"@type\":\"WebPage\",\"@id\":\"https:\/\/socabu-assurances.com\/socabu\/assurance-corps-bateaux\/\",\"url\":\"https:\/\/socabu-assurances.com\/socabu\/assurance-corps-bateaux\/\",\"name\":\"Assurance corps bateaux - socabu\",\"isPartOf\":{\"@id\":\"https:\/\/socabu-assurances.com\/socabu\/#website\"},\"primaryImageOfPage\":{\"@id\":\"https:\/\/socabu-assurances.com\/socabu\/assurance-corps-bateaux\/#primaryimage\"},\"image\":{\"@id\":\"https:\/\/socabu-assurances.com\/socabu\/assurance-corps-bateaux\/#primaryimage\"},\"thumbnailUrl\":\"https:\/\/socabu-assurances.com\/socabu\/wp-content\/uploads\/2024\/05\/ship-ocean-waves-6403827-1024x682.jpg\",\"datePublished\":\"2024-05-05T21:04:40+00:00\",\"dateModified\":\"2024-08-05T23:01:31+00:00\",\"breadcrumb\":{\"@id\":\"https:\/\/socabu-assurances.com\/socabu\/assurance-corps-bateaux\/#breadcrumb\"},\"inLanguage\":\"en-US\",\"potentialAction\":[{\"@type\":\"ReadAction\",\"target\":[\"https:\/\/socabu-assurances.com\/socabu\/assurance-corps-bateaux\/\"]}]},{\"@type\":\"ImageObject\",\"inLanguage\":\"en-US\",\"@id\":\"https:\/\/socabu-assurances.com\/socabu\/assurance-corps-bateaux\/#primaryimage\",\"url\":\"https:\/\/socabu-assurances.com\/socabu\/wp-content\/uploads\/2024\/05\/ship-ocean-waves-6403827.jpg\",\"contentUrl\":\"https:\/\/socabu-assurances.com\/socabu\/wp-content\/uploads\/2024\/05\/ship-ocean-waves-6403827.jpg\",\"width\":1280,\"height\":853},{\"@type\":\"BreadcrumbList\",\"@id\":\"https:\/\/socabu-assurances.com\/socabu\/assurance-corps-bateaux\/#breadcrumb\",\"itemListElement\":[{\"@type\":\"ListItem\",\"position\":1,\"name\":\"Home\",\"item\":\"https:\/\/socabu-assurances.com\/socabu\/\"},{\"@type\":\"ListItem\",\"position\":2,\"name\":\"Assurance corps bateaux\"}]},{\"@type\":\"WebSite\",\"@id\":\"https:\/\/socabu-assurances.com\/socabu\/#website\",\"url\":\"https:\/\/socabu-assurances.com\/socabu\/\",\"name\":\"socabu\",\"description\":\"\",\"publisher\":{\"@id\":\"https:\/\/socabu-assurances.com\/socabu\/#organization\"},\"potentialAction\":[{\"@type\":\"SearchAction\",\"target\":{\"@type\":\"EntryPoint\",\"urlTemplate\":\"https:\/\/socabu-assurances.com\/socabu\/?s={search_term_string}\"},\"query-input\":{\"@type\":\"PropertyValueSpecification\",\"valueRequired\":true,\"valueName\":\"search_term_string\"}}],\"inLanguage\":\"en-US\"},{\"@type\":\"Organization\",\"@id\":\"https:\/\/socabu-assurances.com\/socabu\/#organization\",\"name\":\"socabu\",\"url\":\"https:\/\/socabu-assurances.com\/socabu\/\",\"logo\":{\"@type\":\"ImageObject\",\"inLanguage\":\"en-US\",\"@id\":\"https:\/\/socabu-assurances.com\/socabu\/#\/schema\/logo\/image\/\",\"url\":\"https:\/\/socabu-assurances.com\/socabu\/wp-content\/uploads\/2024\/04\/241699614_114063681002500_7465449128335960887_n.jpg\",\"contentUrl\":\"https:\/\/socabu-assurances.com\/socabu\/wp-content\/uploads\/2024\/04\/241699614_114063681002500_7465449128335960887_n.jpg\",\"width\":637,\"height\":227,\"caption\":\"socabu\"},\"image\":{\"@id\":\"https:\/\/socabu-assurances.com\/socabu\/#\/schema\/logo\/image\/\"}}]}<\/script>\n<!-- \/ Yoast SEO plugin. -->","yoast_head_json":{"title":"Assurance corps bateaux - socabu","robots":{"index":"index","follow":"follow","max-snippet":"max-snippet:-1","max-image-preview":"max-image-preview:large","max-video-preview":"max-video-preview:-1"},"canonical":"https:\/\/socabu-assurances.com\/socabu\/assurance-corps-bateaux\/","og_locale":"en_US","og_type":"article","og_title":"Assurance corps bateaux - socabu","og_description":"Assurance corps bateaux De quoi s\u2019agit-il ? Cette assurance couvre les engins de transports maritimes contre les d\u00e9g\u00e2ts mat\u00e9riels survenant aux bateaux. Elle couvre \u00e9galement les frais d\u2019assistance aux bateaux et les recours des tiers pour dommages mat\u00e9riels. Nos garanties Tous risques (T.R.)\u00a0; Perte totale ou r\u00e9put\u00e9e totale; Frais d\u2019assistance\u00a0; Recours des tiers pour dommages [&hellip;]","og_url":"https:\/\/socabu-assurances.com\/socabu\/assurance-corps-bateaux\/","og_site_name":"socabu","article_modified_time":"2024-08-05T23:01:31+00:00","og_image":[{"url":"https:\/\/socabu-assurances.com\/socabu\/wp-content\/uploads\/2024\/05\/ship-ocean-waves-6403827-1024x682.jpg","type":"","width":"","height":""}],"twitter_card":"summary_large_image","twitter_misc":{"Est. reading time":"1 minute"},"schema":{"@context":"https:\/\/schema.org","@graph":[{"@type":"WebPage","@id":"https:\/\/socabu-assurances.com\/socabu\/assurance-corps-bateaux\/","url":"https:\/\/socabu-assurances.com\/socabu\/assurance-corps-bateaux\/","name":"Assurance corps bateaux - socabu","isPartOf":{"@id":"https:\/\/socabu-assurances.com\/socabu\/#website"},"primaryImageOfPage":{"@id":"https:\/\/socabu-assurances.com\/socabu\/assurance-corps-bateaux\/#primaryimage"},"image":{"@id":"https:\/\/socabu-assurances.com\/socabu\/assurance-corps-bateaux\/#primaryimage"},"thumbnailUrl":"https:\/\/socabu-assurances.com\/socabu\/wp-content\/uploads\/2024\/05\/ship-ocean-waves-6403827-1024x682.jpg","datePublished":"2024-05-05T21:04:40+00:00","dateModified":"2024-08-05T23:01:31+00:00","breadcrumb":{"@id":"https:\/\/socabu-assurances.com\/socabu\/assurance-corps-bateaux\/#breadcrumb"},"inLanguage":"en-US","potentialAction":[{"@type":"ReadAction","target":["https:\/\/socabu-assurances.com\/socabu\/assurance-corps-bateaux\/"]}]},{"@type":"ImageObject","inLanguage":"en-US","@id":"https:\/\/socabu-assurances.com\/socabu\/assurance-corps-bateaux\/#primaryimage","url":"https:\/\/socabu-assurances.com\/socabu\/wp-content\/uploads\/2024\/05\/ship-ocean-waves-6403827.jpg","contentUrl":"https:\/\/socabu-assurances.com\/socabu\/wp-content\/uploads\/2024\/05\/ship-ocean-waves-6403827.jpg","width":1280,"height":853},{"@type":"BreadcrumbList","@id":"https:\/\/socabu-assurances.com\/socabu\/assurance-corps-bateaux\/#breadcrumb","itemListElement":[{"@type":"ListItem","position":1,"name":"Home","item":"https:\/\/socabu-assurances.com\/socabu\/"},{"@type":"ListItem","position":2,"name":"Assurance corps bateaux"}]},{"@type":"WebSite","@id":"https:\/\/socabu-assurances.com\/socabu\/#website","url":"https:\/\/socabu-assurances.com\/socabu\/","name":"socabu","description":"","publisher":{"@id":"https:\/\/socabu-assurances.com\/socabu\/#organization"},"potentialAction":[{"@type":"SearchAction","target":{"@type":"EntryPoint","urlTemplate":"https:\/\/socabu-assurances.com\/socabu\/?s={search_term_string}"},"query-input":{"@type":"PropertyValueSpecification","valueRequired":true,"valueName":"search_term_string"}}],"inLanguage":"en-US"},{"@type":"Organization","@id":"https:\/\/socabu-assurances.com\/socabu\/#organization","name":"socabu","url":"https:\/\/socabu-assurances.com\/socabu\/","logo":{"@type":"ImageObject","inLanguage":"en-US","@id":"https:\/\/socabu-assurances.com\/socabu\/#\/schema\/logo\/image\/","url":"https:\/\/socabu-assurances.com\/socabu\/wp-content\/uploads\/2024\/04\/241699614_114063681002500_7465449128335960887_n.jpg","contentUrl":"https:\/\/socabu-assurances.com\/socabu\/wp-content\/uploads\/2024\/04\/241699614_114063681002500_7465449128335960887_n.jpg","width":637,"height":227,"caption":"socabu"},"image":{"@id":"https:\/\/socabu-assurances.com\/socabu\/#\/schema\/logo\/image\/"}}]}},"uagb_featured_image_src":{"full":false,"thumbnail":false,"medium":false,"medium_large":false,"large":false,"1536x1536":false,"2048x2048":false},"uagb_author_info":{"display_name":"MUHIRE Diane","author_link":"https:\/\/socabu-assurances.com\/socabu\/author\/diane\/"},"uagb_comment_info":0,"uagb_excerpt":"Assurance corps bateaux De quoi s\u2019agit-il ? Cette assurance couvre les engins de transports maritimes contre les d\u00e9g\u00e2ts mat\u00e9riels survenant aux bateaux. Elle couvre \u00e9galement les frais d\u2019assistance aux bateaux et les recours des tiers pour dommages mat\u00e9riels. Nos garanties Tous risques (T.R.)\u00a0; Perte totale ou r\u00e9put\u00e9e totale; Frais d\u2019assistance\u00a0; Recours des tiers pour dommages&hellip;","_links":{"self":[{"href":"https:\/\/socabu-assurances.com\/socabu\/wp-json\/wp\/v2\/pages\/2015","targetHints":{"allow":["GET"]}}],"collection":[{"href":"https:\/\/socabu-assurances.com\/socabu\/wp-json\/wp\/v2\/pages"}],"about":[{"href":"https:\/\/socabu-assurances.com\/socabu\/wp-json\/wp\/v2\/types\/page"}],"author":[{"embeddable":true,"href":"https:\/\/socabu-assurances.com\/socabu\/wp-json\/wp\/v2\/users\/2"}],"replies":[{"embeddable":true,"href":"https:\/\/socabu-assurances.com\/socabu\/wp-json\/wp\/v2\/comments?post=2015"}],"version-history":[{"count":25,"href":"https:\/\/socabu-assurances.com\/socabu\/wp-json\/wp\/v2\/pages\/2015\/revisions"}],"predecessor-version":[{"id":3502,"href":"https:\/\/socabu-assurances.com\/socabu\/wp-json\/wp\/v2\/pages\/2015\/revisions\/3502"}],"wp:attachment":[{"href":"https:\/\/socabu-assurances.com\/socabu\/wp-json\/wp\/v2\/media?parent=2015"}],"curies":[{"name":"wp","href":"https:\/\/api.w.org\/{rel}","templated":true}]}}