{"id":2021,"date":"2024-05-05T23:05:38","date_gmt":"2024-05-05T21:05:38","guid":{"rendered":"https:\/\/socabu-assurances.com\/socabu\/?page_id=2021"},"modified":"2024-07-22T11:56:49","modified_gmt":"2024-07-22T09:56:49","slug":"assurance-caution-regionale-de-transit-douanier","status":"publish","type":"page","link":"https:\/\/socabu-assurances.com\/socabu\/assurance-caution-regionale-de-transit-douanier\/","title":{"rendered":"Assurance caution r\u00e9gionale de transit douanier"},"content":{"rendered":"\t\t<div data-elementor-type=\"wp-page\" data-elementor-id=\"2021\" class=\"elementor elementor-2021\" data-elementor-post-type=\"page\">\n\t\t\t\t<div class=\"elementor-element elementor-element-770d0c2c e-flex e-con-boxed e-con e-parent\" data-id=\"770d0c2c\" data-element_type=\"container\" data-e-type=\"container\" data-settings=\"{&quot;background_background&quot;:&quot;classic&quot;}\">\n\t\t\t\t\t<div class=\"e-con-inner\">\n\t\t<div class=\"elementor-element elementor-element-a5c50d7 e-con-full e-flex e-con e-child\" data-id=\"a5c50d7\" data-element_type=\"container\" data-e-type=\"container\">\n\t\t\t\t<div class=\"elementor-element elementor-element-4b1057c3 elementor-widget elementor-widget-heading\" data-id=\"4b1057c3\" data-element_type=\"widget\" data-e-type=\"widget\" data-widget_type=\"heading.default\">\n\t\t\t\t<div class=\"elementor-widget-container\">\n\t\t\t\t\t<h1 class=\"elementor-heading-title elementor-size-default\">Assurance caution r\u00e9gionale de transit douanier<\/h1>\t\t\t\t<\/div>\n\t\t\t\t<\/div>\n\t\t\t\t<\/div>\n\t\t\t\t\t<\/div>\n\t\t\t\t<\/div>\n\t\t<div class=\"elementor-element elementor-element-54fba728 e-flex e-con-boxed e-con e-parent\" data-id=\"54fba728\" data-element_type=\"container\" data-e-type=\"container\" data-settings=\"{&quot;background_background&quot;:&quot;classic&quot;}\">\n\t\t\t\t\t<div class=\"e-con-inner\">\n\t\t\t\t<div class=\"elementor-element elementor-element-63787eab elementor-widget elementor-widget-spacer\" data-id=\"63787eab\" data-element_type=\"widget\" data-e-type=\"widget\" data-widget_type=\"spacer.default\">\n\t\t\t\t<div class=\"elementor-widget-container\">\n\t\t\t\t\t\t\t<div class=\"elementor-spacer\">\n\t\t\t<div class=\"elementor-spacer-inner\"><\/div>\n\t\t<\/div>\n\t\t\t\t\t\t<\/div>\n\t\t\t\t<\/div>\n\t\t\t\t\t<\/div>\n\t\t\t\t<\/div>\n\t\t<div class=\"elementor-element elementor-element-6aefa408 e-con-full e-flex e-con e-parent\" data-id=\"6aefa408\" data-element_type=\"container\" data-e-type=\"container\" data-settings=\"{&quot;background_background&quot;:&quot;classic&quot;}\">\n\t\t<div class=\"elementor-element elementor-element-17e6bd6 e-con-full e-flex e-con e-child\" data-id=\"17e6bd6\" data-element_type=\"container\" data-e-type=\"container\">\n\t\t\t\t<div class=\"elementor-element elementor-element-3045319 elementor-widget__width-initial elementor-widget elementor-widget-image\" data-id=\"3045319\" data-element_type=\"widget\" data-e-type=\"widget\" data-widget_type=\"image.default\">\n\t\t\t\t<div class=\"elementor-widget-container\">\n\t\t\t\t\t\t\t\t\t\t\t\t\t\t\t<img fetchpriority=\"high\" decoding=\"async\" width=\"1024\" height=\"682\" src=\"https:\/\/socabu-assurances.com\/socabu\/wp-content\/uploads\/2024\/05\/belgium-antwerp-shipping-1601918-1024x682.jpg\" class=\"attachment-large size-large wp-image-1854\" alt=\"\" srcset=\"https:\/\/socabu-assurances.com\/socabu\/wp-content\/uploads\/2024\/05\/belgium-antwerp-shipping-1601918-1024x682.jpg 1024w, https:\/\/socabu-assurances.com\/socabu\/wp-content\/uploads\/2024\/05\/belgium-antwerp-shipping-1601918-300x200.jpg 300w, https:\/\/socabu-assurances.com\/socabu\/wp-content\/uploads\/2024\/05\/belgium-antwerp-shipping-1601918-768x512.jpg 768w, https:\/\/socabu-assurances.com\/socabu\/wp-content\/uploads\/2024\/05\/belgium-antwerp-shipping-1601918.jpg 1280w\" sizes=\"(max-width: 1024px) 100vw, 1024px\" \/>\t\t\t\t\t\t\t\t\t\t\t\t\t\t\t<\/div>\n\t\t\t\t<\/div>\n\t\t\t\t<\/div>\n\t\t<div class=\"elementor-element elementor-element-1c3d3de9 e-con-full e-flex e-con e-child\" data-id=\"1c3d3de9\" data-element_type=\"container\" data-e-type=\"container\">\n\t\t\t\t<div class=\"elementor-element elementor-element-1701c1ad elementor-widget elementor-widget-heading\" data-id=\"1701c1ad\" data-element_type=\"widget\" data-e-type=\"widget\" data-widget_type=\"heading.default\">\n\t\t\t\t<div class=\"elementor-widget-container\">\n\t\t\t\t\t<h2 class=\"elementor-heading-title elementor-size-default\">De quoi s\u2019agit-il ? \n<\/h2>\t\t\t\t<\/div>\n\t\t\t\t<\/div>\n\t\t\t\t<div class=\"elementor-element elementor-element-5b62aeef elementor-widget elementor-widget-text-editor\" data-id=\"5b62aeef\" data-element_type=\"widget\" data-e-type=\"widget\" data-widget_type=\"text-editor.default\">\n\t\t\t\t<div class=\"elementor-widget-container\">\n\t\t\t\t\t\t\t\t\t<p>C\u2019est une facilit\u00e9 de commerce r\u00e9gional mise en place par le Secr\u00e9tariat du COMESA applicable aux marchandises en transit dans les pays membres du COMESA qui consiste \u00e0 garantir aux autorit\u00e9s douani\u00e8res des pays de transit le paiement des droits de douanes au cas o\u00f9 les marchandises en transit seraient d\u00e9tourn\u00e9es et mises en consommation dans l\u2019un des pays de transit.<\/p>\t\t\t\t\t\t\t\t<\/div>\n\t\t\t\t<\/div>\n\t\t\t\t<\/div>\n\t\t\t\t<\/div>\n\t\t<div class=\"elementor-element elementor-element-5905da98 e-flex e-con-boxed e-con e-parent\" data-id=\"5905da98\" data-element_type=\"container\" data-e-type=\"container\" data-settings=\"{&quot;background_background&quot;:&quot;classic&quot;}\">\n\t\t\t\t\t<div class=\"e-con-inner\">\n\t\t\t\t<div class=\"elementor-element elementor-element-1617da98 elementor-widget elementor-widget-spacer\" data-id=\"1617da98\" data-element_type=\"widget\" data-e-type=\"widget\" data-widget_type=\"spacer.default\">\n\t\t\t\t<div class=\"elementor-widget-container\">\n\t\t\t\t\t\t\t<div class=\"elementor-spacer\">\n\t\t\t<div class=\"elementor-spacer-inner\"><\/div>\n\t\t<\/div>\n\t\t\t\t\t\t<\/div>\n\t\t\t\t<\/div>\n\t\t\t\t\t<\/div>\n\t\t\t\t<\/div>\n\t\t<div class=\"elementor-element elementor-element-01e48dd e-flex e-con-boxed e-con e-parent\" data-id=\"01e48dd\" data-element_type=\"container\" data-e-type=\"container\" data-settings=\"{&quot;background_background&quot;:&quot;classic&quot;}\">\n\t\t\t\t\t<div class=\"e-con-inner\">\n\t\t\t\t<div class=\"elementor-element elementor-element-6d8c737 elementor-widget elementor-widget-spacer\" data-id=\"6d8c737\" data-element_type=\"widget\" data-e-type=\"widget\" data-widget_type=\"spacer.default\">\n\t\t\t\t<div class=\"elementor-widget-container\">\n\t\t\t\t\t\t\t<div class=\"elementor-spacer\">\n\t\t\t<div class=\"elementor-spacer-inner\"><\/div>\n\t\t<\/div>\n\t\t\t\t\t\t<\/div>\n\t\t\t\t<\/div>\n\t\t\t\t\t<\/div>\n\t\t\t\t<\/div>\n\t\t\t\t<\/div>\n\t\t","protected":false},"excerpt":{"rendered":"<p>Assurance caution r\u00e9gionale de transit douanier De quoi s\u2019agit-il ? C\u2019est une facilit\u00e9 de commerce r\u00e9gional mise en place par le Secr\u00e9tariat du COMESA applicable aux marchandises en transit dans les pays membres du COMESA qui consiste \u00e0 garantir aux autorit\u00e9s douani\u00e8res des pays de transit le paiement des droits de douanes au cas o\u00f9 [&hellip;]<\/p>\n","protected":false},"author":2,"featured_media":0,"parent":0,"menu_order":0,"comment_status":"closed","ping_status":"closed","template":"","meta":{"_uag_custom_page_level_css":"","site-sidebar-layout":"no-sidebar","site-content-layout":"page-builder","ast-site-content-layout":"full-width-container","site-content-style":"default","site-sidebar-style":"default","ast-global-header-display":"","ast-banner-title-visibility":"","ast-main-header-display":"","ast-hfb-above-header-display":"","ast-hfb-below-header-display":"","ast-hfb-mobile-header-display":"","site-post-title":"disabled","ast-breadcrumbs-content":"","ast-featured-img":"disabled","footer-sml-layout":"","ast-disable-related-posts":"","theme-transparent-header-meta":"","adv-header-id-meta":"","stick-header-meta":"","header-above-stick-meta":"","header-main-stick-meta":"","header-below-stick-meta":"","astra-migrate-meta-layouts":"set","ast-page-background-enabled":"default","ast-page-background-meta":{"desktop":{"background-color":"var(--ast-global-color-4)","background-image":"","background-repeat":"repeat","background-position":"center center","background-size":"auto","background-attachment":"scroll","background-type":"","background-media":"","overlay-type":"","overlay-color":"","overlay-opacity":"","overlay-gradient":""},"tablet":{"background-color":"","background-image":"","background-repeat":"repeat","background-position":"center center","background-size":"auto","background-attachment":"scroll","background-type":"","background-media":"","overlay-type":"","overlay-color":"","overlay-opacity":"","overlay-gradient":""},"mobile":{"background-color":"","background-image":"","background-repeat":"repeat","background-position":"center center","background-size":"auto","background-attachment":"scroll","background-type":"","background-media":"","overlay-type":"","overlay-color":"","overlay-opacity":"","overlay-gradient":""}},"ast-content-background-meta":{"desktop":{"background-color":"var(--ast-global-color-5)","background-image":"","background-repeat":"repeat","background-position":"center center","background-size":"auto","background-attachment":"scroll","background-type":"","background-media":"","overlay-type":"","overlay-color":"","overlay-opacity":"","overlay-gradient":""},"tablet":{"background-color":"var(--ast-global-color-5)","background-image":"","background-repeat":"repeat","background-position":"center center","background-size":"auto","background-attachment":"scroll","background-type":"","background-media":"","overlay-type":"","overlay-color":"","overlay-opacity":"","overlay-gradient":""},"mobile":{"background-color":"var(--ast-global-color-5)","background-image":"","background-repeat":"repeat","background-position":"center center","background-size":"auto","background-attachment":"scroll","background-type":"","background-media":"","overlay-type":"","overlay-color":"","overlay-opacity":"","overlay-gradient":""}},"footnotes":""},"class_list":["post-2021","page","type-page","status-publish","hentry"],"yoast_head":"<!-- This site is optimized with the Yoast SEO plugin v27.0 - https:\/\/yoast.com\/product\/yoast-seo-wordpress\/ -->\n<title>Assurance caution r\u00e9gionale de transit douanier - socabu<\/title>\n<meta name=\"robots\" content=\"index, follow, max-snippet:-1, max-image-preview:large, max-video-preview:-1\" \/>\n<link rel=\"canonical\" href=\"https:\/\/socabu-assurances.com\/socabu\/assurance-caution-regionale-de-transit-douanier\/\" \/>\n<meta property=\"og:locale\" content=\"en_US\" \/>\n<meta property=\"og:type\" content=\"article\" \/>\n<meta property=\"og:title\" content=\"Assurance caution r\u00e9gionale de transit douanier - socabu\" \/>\n<meta property=\"og:description\" content=\"Assurance caution r\u00e9gionale de transit douanier De quoi s\u2019agit-il ? C\u2019est une facilit\u00e9 de commerce r\u00e9gional mise en place par le Secr\u00e9tariat du COMESA applicable aux marchandises en transit dans les pays membres du COMESA qui consiste \u00e0 garantir aux autorit\u00e9s douani\u00e8res des pays de transit le paiement des droits de douanes au cas o\u00f9 [&hellip;]\" \/>\n<meta property=\"og:url\" content=\"https:\/\/socabu-assurances.com\/socabu\/assurance-caution-regionale-de-transit-douanier\/\" \/>\n<meta property=\"og:site_name\" content=\"socabu\" \/>\n<meta property=\"article:modified_time\" content=\"2024-07-22T09:56:49+00:00\" \/>\n<meta property=\"og:image\" content=\"https:\/\/socabu-assurances.com\/socabu\/wp-content\/uploads\/2024\/05\/belgium-antwerp-shipping-1601918-1024x682.jpg\" \/>\n<meta name=\"twitter:card\" content=\"summary_large_image\" \/>\n<meta name=\"twitter:label1\" content=\"Est. reading time\" \/>\n\t<meta name=\"twitter:data1\" content=\"1 minute\" \/>\n<script type=\"application\/ld+json\" class=\"yoast-schema-graph\">{\"@context\":\"https:\/\/schema.org\",\"@graph\":[{\"@type\":\"WebPage\",\"@id\":\"https:\/\/socabu-assurances.com\/socabu\/assurance-caution-regionale-de-transit-douanier\/\",\"url\":\"https:\/\/socabu-assurances.com\/socabu\/assurance-caution-regionale-de-transit-douanier\/\",\"name\":\"Assurance caution r\u00e9gionale de transit douanier - socabu\",\"isPartOf\":{\"@id\":\"https:\/\/socabu-assurances.com\/socabu\/#website\"},\"primaryImageOfPage\":{\"@id\":\"https:\/\/socabu-assurances.com\/socabu\/assurance-caution-regionale-de-transit-douanier\/#primaryimage\"},\"image\":{\"@id\":\"https:\/\/socabu-assurances.com\/socabu\/assurance-caution-regionale-de-transit-douanier\/#primaryimage\"},\"thumbnailUrl\":\"https:\/\/socabu-assurances.com\/socabu\/wp-content\/uploads\/2024\/05\/belgium-antwerp-shipping-1601918-1024x682.jpg\",\"datePublished\":\"2024-05-05T21:05:38+00:00\",\"dateModified\":\"2024-07-22T09:56:49+00:00\",\"breadcrumb\":{\"@id\":\"https:\/\/socabu-assurances.com\/socabu\/assurance-caution-regionale-de-transit-douanier\/#breadcrumb\"},\"inLanguage\":\"en-US\",\"potentialAction\":[{\"@type\":\"ReadAction\",\"target\":[\"https:\/\/socabu-assurances.com\/socabu\/assurance-caution-regionale-de-transit-douanier\/\"]}]},{\"@type\":\"ImageObject\",\"inLanguage\":\"en-US\",\"@id\":\"https:\/\/socabu-assurances.com\/socabu\/assurance-caution-regionale-de-transit-douanier\/#primaryimage\",\"url\":\"https:\/\/socabu-assurances.com\/socabu\/wp-content\/uploads\/2024\/05\/belgium-antwerp-shipping-1601918.jpg\",\"contentUrl\":\"https:\/\/socabu-assurances.com\/socabu\/wp-content\/uploads\/2024\/05\/belgium-antwerp-shipping-1601918.jpg\",\"width\":1280,\"height\":853},{\"@type\":\"BreadcrumbList\",\"@id\":\"https:\/\/socabu-assurances.com\/socabu\/assurance-caution-regionale-de-transit-douanier\/#breadcrumb\",\"itemListElement\":[{\"@type\":\"ListItem\",\"position\":1,\"name\":\"Home\",\"item\":\"https:\/\/socabu-assurances.com\/socabu\/\"},{\"@type\":\"ListItem\",\"position\":2,\"name\":\"Assurance caution r\u00e9gionale de transit douanier\"}]},{\"@type\":\"WebSite\",\"@id\":\"https:\/\/socabu-assurances.com\/socabu\/#website\",\"url\":\"https:\/\/socabu-assurances.com\/socabu\/\",\"name\":\"socabu\",\"description\":\"\",\"publisher\":{\"@id\":\"https:\/\/socabu-assurances.com\/socabu\/#organization\"},\"potentialAction\":[{\"@type\":\"SearchAction\",\"target\":{\"@type\":\"EntryPoint\",\"urlTemplate\":\"https:\/\/socabu-assurances.com\/socabu\/?s={search_term_string}\"},\"query-input\":{\"@type\":\"PropertyValueSpecification\",\"valueRequired\":true,\"valueName\":\"search_term_string\"}}],\"inLanguage\":\"en-US\"},{\"@type\":\"Organization\",\"@id\":\"https:\/\/socabu-assurances.com\/socabu\/#organization\",\"name\":\"socabu\",\"url\":\"https:\/\/socabu-assurances.com\/socabu\/\",\"logo\":{\"@type\":\"ImageObject\",\"inLanguage\":\"en-US\",\"@id\":\"https:\/\/socabu-assurances.com\/socabu\/#\/schema\/logo\/image\/\",\"url\":\"https:\/\/socabu-assurances.com\/socabu\/wp-content\/uploads\/2024\/04\/241699614_114063681002500_7465449128335960887_n.jpg\",\"contentUrl\":\"https:\/\/socabu-assurances.com\/socabu\/wp-content\/uploads\/2024\/04\/241699614_114063681002500_7465449128335960887_n.jpg\",\"width\":637,\"height\":227,\"caption\":\"socabu\"},\"image\":{\"@id\":\"https:\/\/socabu-assurances.com\/socabu\/#\/schema\/logo\/image\/\"}}]}<\/script>\n<!-- \/ Yoast SEO plugin. -->","yoast_head_json":{"title":"Assurance caution r\u00e9gionale de transit douanier - socabu","robots":{"index":"index","follow":"follow","max-snippet":"max-snippet:-1","max-image-preview":"max-image-preview:large","max-video-preview":"max-video-preview:-1"},"canonical":"https:\/\/socabu-assurances.com\/socabu\/assurance-caution-regionale-de-transit-douanier\/","og_locale":"en_US","og_type":"article","og_title":"Assurance caution r\u00e9gionale de transit douanier - socabu","og_description":"Assurance caution r\u00e9gionale de transit douanier De quoi s\u2019agit-il ? C\u2019est une facilit\u00e9 de commerce r\u00e9gional mise en place par le Secr\u00e9tariat du COMESA applicable aux marchandises en transit dans les pays membres du COMESA qui consiste \u00e0 garantir aux autorit\u00e9s douani\u00e8res des pays de transit le paiement des droits de douanes au cas o\u00f9 [&hellip;]","og_url":"https:\/\/socabu-assurances.com\/socabu\/assurance-caution-regionale-de-transit-douanier\/","og_site_name":"socabu","article_modified_time":"2024-07-22T09:56:49+00:00","og_image":[{"url":"https:\/\/socabu-assurances.com\/socabu\/wp-content\/uploads\/2024\/05\/belgium-antwerp-shipping-1601918-1024x682.jpg","type":"","width":"","height":""}],"twitter_card":"summary_large_image","twitter_misc":{"Est. reading time":"1 minute"},"schema":{"@context":"https:\/\/schema.org","@graph":[{"@type":"WebPage","@id":"https:\/\/socabu-assurances.com\/socabu\/assurance-caution-regionale-de-transit-douanier\/","url":"https:\/\/socabu-assurances.com\/socabu\/assurance-caution-regionale-de-transit-douanier\/","name":"Assurance caution r\u00e9gionale de transit douanier - socabu","isPartOf":{"@id":"https:\/\/socabu-assurances.com\/socabu\/#website"},"primaryImageOfPage":{"@id":"https:\/\/socabu-assurances.com\/socabu\/assurance-caution-regionale-de-transit-douanier\/#primaryimage"},"image":{"@id":"https:\/\/socabu-assurances.com\/socabu\/assurance-caution-regionale-de-transit-douanier\/#primaryimage"},"thumbnailUrl":"https:\/\/socabu-assurances.com\/socabu\/wp-content\/uploads\/2024\/05\/belgium-antwerp-shipping-1601918-1024x682.jpg","datePublished":"2024-05-05T21:05:38+00:00","dateModified":"2024-07-22T09:56:49+00:00","breadcrumb":{"@id":"https:\/\/socabu-assurances.com\/socabu\/assurance-caution-regionale-de-transit-douanier\/#breadcrumb"},"inLanguage":"en-US","potentialAction":[{"@type":"ReadAction","target":["https:\/\/socabu-assurances.com\/socabu\/assurance-caution-regionale-de-transit-douanier\/"]}]},{"@type":"ImageObject","inLanguage":"en-US","@id":"https:\/\/socabu-assurances.com\/socabu\/assurance-caution-regionale-de-transit-douanier\/#primaryimage","url":"https:\/\/socabu-assurances.com\/socabu\/wp-content\/uploads\/2024\/05\/belgium-antwerp-shipping-1601918.jpg","contentUrl":"https:\/\/socabu-assurances.com\/socabu\/wp-content\/uploads\/2024\/05\/belgium-antwerp-shipping-1601918.jpg","width":1280,"height":853},{"@type":"BreadcrumbList","@id":"https:\/\/socabu-assurances.com\/socabu\/assurance-caution-regionale-de-transit-douanier\/#breadcrumb","itemListElement":[{"@type":"ListItem","position":1,"name":"Home","item":"https:\/\/socabu-assurances.com\/socabu\/"},{"@type":"ListItem","position":2,"name":"Assurance caution r\u00e9gionale de transit douanier"}]},{"@type":"WebSite","@id":"https:\/\/socabu-assurances.com\/socabu\/#website","url":"https:\/\/socabu-assurances.com\/socabu\/","name":"socabu","description":"","publisher":{"@id":"https:\/\/socabu-assurances.com\/socabu\/#organization"},"potentialAction":[{"@type":"SearchAction","target":{"@type":"EntryPoint","urlTemplate":"https:\/\/socabu-assurances.com\/socabu\/?s={search_term_string}"},"query-input":{"@type":"PropertyValueSpecification","valueRequired":true,"valueName":"search_term_string"}}],"inLanguage":"en-US"},{"@type":"Organization","@id":"https:\/\/socabu-assurances.com\/socabu\/#organization","name":"socabu","url":"https:\/\/socabu-assurances.com\/socabu\/","logo":{"@type":"ImageObject","inLanguage":"en-US","@id":"https:\/\/socabu-assurances.com\/socabu\/#\/schema\/logo\/image\/","url":"https:\/\/socabu-assurances.com\/socabu\/wp-content\/uploads\/2024\/04\/241699614_114063681002500_7465449128335960887_n.jpg","contentUrl":"https:\/\/socabu-assurances.com\/socabu\/wp-content\/uploads\/2024\/04\/241699614_114063681002500_7465449128335960887_n.jpg","width":637,"height":227,"caption":"socabu"},"image":{"@id":"https:\/\/socabu-assurances.com\/socabu\/#\/schema\/logo\/image\/"}}]}},"uagb_featured_image_src":{"full":false,"thumbnail":false,"medium":false,"medium_large":false,"large":false,"1536x1536":false,"2048x2048":false},"uagb_author_info":{"display_name":"MUHIRE Diane","author_link":"https:\/\/socabu-assurances.com\/socabu\/author\/diane\/"},"uagb_comment_info":0,"uagb_excerpt":"Assurance caution r\u00e9gionale de transit douanier De quoi s\u2019agit-il ? C\u2019est une facilit\u00e9 de commerce r\u00e9gional mise en place par le Secr\u00e9tariat du COMESA applicable aux marchandises en transit dans les pays membres du COMESA qui consiste \u00e0 garantir aux autorit\u00e9s douani\u00e8res des pays de transit le paiement des droits de douanes au cas o\u00f9&hellip;","_links":{"self":[{"href":"https:\/\/socabu-assurances.com\/socabu\/wp-json\/wp\/v2\/pages\/2021","targetHints":{"allow":["GET"]}}],"collection":[{"href":"https:\/\/socabu-assurances.com\/socabu\/wp-json\/wp\/v2\/pages"}],"about":[{"href":"https:\/\/socabu-assurances.com\/socabu\/wp-json\/wp\/v2\/types\/page"}],"author":[{"embeddable":true,"href":"https:\/\/socabu-assurances.com\/socabu\/wp-json\/wp\/v2\/users\/2"}],"replies":[{"embeddable":true,"href":"https:\/\/socabu-assurances.com\/socabu\/wp-json\/wp\/v2\/comments?post=2021"}],"version-history":[{"count":10,"href":"https:\/\/socabu-assurances.com\/socabu\/wp-json\/wp\/v2\/pages\/2021\/revisions"}],"predecessor-version":[{"id":3472,"href":"https:\/\/socabu-assurances.com\/socabu\/wp-json\/wp\/v2\/pages\/2021\/revisions\/3472"}],"wp:attachment":[{"href":"https:\/\/socabu-assurances.com\/socabu\/wp-json\/wp\/v2\/media?parent=2021"}],"curies":[{"name":"wp","href":"https:\/\/api.w.org\/{rel}","templated":true}]}}